{"id":52,"date":"2021-12-10T14:19:51","date_gmt":"2021-12-10T13:19:51","guid":{"rendered":"https:\/\/www.campinglarenaudiere.com\/?page_id=52"},"modified":"2022-11-08T15:42:59","modified_gmt":"2022-11-08T14:42:59","slug":"photos-camping-clos-tranquille","status":"publish","type":"page","link":"https:\/\/www.mirabel-clostranquille.com\/de\/photos-camping-clos-tranquille\/","title":{"rendered":"Fotogalerie"},"content":{"rendered":"<h1 class=\"wp-block-heading\">Fotogalerie des Campingplatzes Le Clos Tranquille in Saint-Cast-le-Guildo<\/h1>\n\n\n\t\t\t<div id=\"sevgallery-692656217\" class=\"sev-diaporama sev-diaporama-portfolio\">\r\n\t\t\t\t<div class=\"row\">\r\n\r\n\t\t\t\t\t\r\n\t\t\t\t\t\t\r\n\t\t\t\t\t\t<div class=\"sev-diaporama-portfolio-item    col-12 col-md  col-shrink\">\r\n\t\t\t\t\t\t\t<a href=\"https:\/\/www.mirabel-clostranquille.com\/wp-content\/uploads\/2022\/11\/epicerie-camping-clos-tranquille-1024x768.jpg\" data-lightbox=\"sevgallery-692656217\" style=\"background-image: url(https:\/\/www.mirabel-clostranquille.com\/wp-content\/uploads\/2022\/11\/epicerie-camping-clos-tranquille-1024x768.jpg)\">\r\n\t\t\t\t\t\t\t\t<img decoding=\"async\" src=\"https:\/\/www.mirabel-clostranquille.com\/wp-content\/uploads\/2022\/11\/epicerie-camping-clos-tranquille-1024x768.jpg\" alt=\"lebensmittelgesch\u00e4ft camping saint cast\" loading=\"lazy\">\r\n\t\t\t\t\t\t\t\t\t\t\t\t\t\t\t<\/a>\r\n\t\t\t\t\t\t<\/div>\r\n\r\n\t\t\t\t\t\t\r\n\t\t\t\t\t\t\t\t\t\t\t\t\t\t\t\t\t\r\n\t\t\t\t\t\t\r\n\t\t\t\t\t\t<div class=\"sev-diaporama-portfolio-item    col-12 col-md\">\r\n\t\t\t\t\t\t\t<a href=\"https:\/\/www.mirabel-clostranquille.com\/wp-content\/uploads\/2022\/11\/espace-famille-plein-air-1024x683.jpg\" data-lightbox=\"sevgallery-692656217\" style=\"background-image: url(https:\/\/www.mirabel-clostranquille.com\/wp-content\/uploads\/2022\/11\/espace-famille-plein-air-1024x683.jpg)\">\r\n\t\t\t\t\t\t\t\t<img decoding=\"async\" src=\"https:\/\/www.mirabel-clostranquille.com\/wp-content\/uploads\/2022\/11\/espace-famille-plein-air-1024x683.jpg\" alt=\"Picknickplatz Campingplatz\" loading=\"lazy\">\r\n\t\t\t\t\t\t\t\t\t\t\t\t\t\t\t<\/a>\r\n\t\t\t\t\t\t<\/div>\r\n\r\n\t\t\t\t\t\t\r\n\t\t\t\t\t\t\t\t\t\t\t\t\t\t\t\t\t\r\n\t\t\t\t\t\t\r\n\t\t\t\t\t\t<div class=\"sev-diaporama-portfolio-item    col-12 col-md\">\r\n\t\t\t\t\t\t\t<a href=\"https:\/\/www.mirabel-clostranquille.com\/wp-content\/uploads\/2023\/12\/boulodrome-clos-1024x683.jpg\" data-lightbox=\"sevgallery-692656217\" style=\"background-image: url(https:\/\/www.mirabel-clostranquille.com\/wp-content\/uploads\/2023\/12\/boulodrome-clos-1024x683.jpg)\">\r\n\t\t\t\t\t\t\t\t<img decoding=\"async\" src=\"https:\/\/www.mirabel-clostranquille.com\/wp-content\/uploads\/2023\/12\/boulodrome-clos-1024x683.jpg\" alt=\"Boulodrome in Clos Tranquille\" loading=\"lazy\">\r\n\t\t\t\t\t\t\t\t\t\t\t\t\t\t\t<\/a>\r\n\t\t\t\t\t\t<\/div>\r\n\r\n\t\t\t\t\t\t\r\n\t\t\t\t\t\t\t\t\t\t\t\t\t\t\t\t\t\r\n\t\t\t\t\t\t\r\n\t\t\t\t\t\t<div class=\"sev-diaporama-portfolio-item    col-12 col-md\">\r\n\t\t\t\t\t\t\t<a href=\"https:\/\/www.mirabel-clostranquille.com\/wp-content\/uploads\/2022\/11\/famille-enfants-camping-bretagne-1024x661.jpg\" data-lightbox=\"sevgallery-692656217\" style=\"background-image: url(https:\/\/www.mirabel-clostranquille.com\/wp-content\/uploads\/2022\/11\/famille-enfants-camping-bretagne-1024x661.jpg)\">\r\n\t\t\t\t\t\t\t\t<img decoding=\"async\" src=\"https:\/\/www.mirabel-clostranquille.com\/wp-content\/uploads\/2022\/11\/famille-enfants-camping-bretagne-1024x661.jpg\" alt=\"mobilheim camping le clos tranquille\" loading=\"lazy\">\r\n\t\t\t\t\t\t\t\t\t\t\t\t\t\t\t<\/a>\r\n\t\t\t\t\t\t<\/div>\r\n\r\n\t\t\t\t\t\t\t\t\t\t\t\t\t<div class=\"w-100\"><\/div>\r\n\t\t\t\t\t\t\t\t\t\t\t\t\t\r\n\t\t\t\t\t\t\t\t\t\t\t\t\t\t\t\t\t\r\n\t\t\t\t\t\t\r\n\t\t\t\t\t\t<div class=\"sev-diaporama-portfolio-item    col-12 col-md  col-shrink\">\r\n\t\t\t\t\t\t\t<a href=\"https:\/\/www.mirabel-clostranquille.com\/wp-content\/uploads\/2022\/11\/le-clos-joueurs-palet-2-1024x683.jpg\" data-lightbox=\"sevgallery-692656217\" style=\"background-image: url(https:\/\/www.mirabel-clostranquille.com\/wp-content\/uploads\/2022\/11\/le-clos-joueurs-palet-2-1024x683.jpg)\">\r\n\t\t\t\t\t\t\t\t<img decoding=\"async\" src=\"https:\/\/www.mirabel-clostranquille.com\/wp-content\/uploads\/2022\/11\/le-clos-joueurs-palet-2-1024x683.jpg\" alt=\"bretonisches Shuffleboardspiel Camping\" loading=\"lazy\">\r\n\t\t\t\t\t\t\t\t\t\t\t\t\t\t\t<\/a>\r\n\t\t\t\t\t\t<\/div>\r\n\r\n\t\t\t\t\t\t\r\n\t\t\t\t\t\t\t\t\t\t\t\t\t\t\t\t\t\r\n\t\t\t\t\t\t\r\n\t\t\t\t\t\t<div class=\"sev-diaporama-portfolio-item    col-12 col-md\">\r\n\t\t\t\t\t\t\t<a href=\"https:\/\/www.mirabel-clostranquille.com\/wp-content\/uploads\/2022\/11\/mobil-home-location-camping-guildo-1024x768.jpg\" data-lightbox=\"sevgallery-692656217\" style=\"background-image: url(https:\/\/www.mirabel-clostranquille.com\/wp-content\/uploads\/2022\/11\/mobil-home-location-camping-guildo-1024x768.jpg)\">\r\n\t\t\t\t\t\t\t\t<img decoding=\"async\" src=\"https:\/\/www.mirabel-clostranquille.com\/wp-content\/uploads\/2022\/11\/mobil-home-location-camping-guildo-1024x768.jpg\" alt=\"mobilheim saint cast le guildo\" loading=\"lazy\">\r\n\t\t\t\t\t\t\t\t\t\t\t\t\t\t\t<\/a>\r\n\t\t\t\t\t\t<\/div>\r\n\r\n\t\t\t\t\t\t\r\n\t\t\t\t\t\t\t\t\t\t\t\t\t\t\t\t\t\r\n\t\t\t\t\t\t\r\n\t\t\t\t\t\t<div class=\"sev-diaporama-portfolio-item    col-12 col-md  col-grow\">\r\n\t\t\t\t\t\t\t<a href=\"https:\/\/www.mirabel-clostranquille.com\/de\/photos-camping-clos-tranquille\/\"  style=\"background-image: url(https:\/\/www.mirabel-clostranquille.com\/wp-content\/uploads\/2022\/11\/salon-mobil-home-2chambres-1024x683.jpg)\">\r\n\t\t\t\t\t\t\t\t<img decoding=\"async\" src=\"https:\/\/www.mirabel-clostranquille.com\/wp-content\/uploads\/2022\/11\/salon-mobil-home-2chambres-1024x683.jpg\" alt=\"salon mobilheim camping\" loading=\"lazy\">\r\n\t\t\t\t\t\t\t\t\t\t\t\t\t\t\t<\/a>\r\n\t\t\t\t\t\t<\/div>\r\n\r\n\t\t\t\t\t\t\r\n\t\t\t\t\t\t\t\t\t\t\t\t\t\t\t\t\t\r\n\t\t\t\t\t\t\r\n\t\t\t\t\t\t<div class=\"sev-diaporama-portfolio-item    col-12 col-md\">\r\n\t\t\t\t\t\t\t<a href=\"https:\/\/www.mirabel-clostranquille.com\/wp-content\/uploads\/2022\/11\/sanitaires-camping-clos-tranquille-1024x683.jpg\" data-lightbox=\"sevgallery-692656217\" style=\"background-image: url(https:\/\/www.mirabel-clostranquille.com\/wp-content\/uploads\/2022\/11\/sanitaires-camping-clos-tranquille-1024x683.jpg)\">\r\n\t\t\t\t\t\t\t\t<img decoding=\"async\" src=\"https:\/\/www.mirabel-clostranquille.com\/wp-content\/uploads\/2022\/11\/sanitaires-camping-clos-tranquille-1024x683.jpg\" alt=\"sanit\u00e4re Einrichtungen le clos tranquille\" loading=\"lazy\">\r\n\t\t\t\t\t\t\t\t\t\t\t\t\t\t\t<\/a>\r\n\t\t\t\t\t\t<\/div>\r\n\r\n\t\t\t\t\t\t\t\t\t\t\t\t\t<div class=\"w-100\"><\/div>\r\n\t\t\t\t\t\t\t\t\t\t\t\t\t\r\n\t\t\t\t\t\t\t\t\t\t\t\t\t\t\t\t\t\r\n\t\t\t\t\t\t\r\n\t\t\t\t\t\t<div class=\"sev-diaporama-portfolio-item    col-12 col-md  col-shrink\">\r\n\t\t\t\t\t\t\t<a href=\"https:\/\/www.mirabel-clostranquille.com\/wp-content\/uploads\/2022\/11\/sanitaires-vaisselle-camping-saint-cast-1024x768.jpg\" data-lightbox=\"sevgallery-692656217\" style=\"background-image: url(https:\/\/www.mirabel-clostranquille.com\/wp-content\/uploads\/2022\/11\/sanitaires-vaisselle-camping-saint-cast-1024x768.jpg)\">\r\n\t\t\t\t\t\t\t\t<img decoding=\"async\" src=\"https:\/\/www.mirabel-clostranquille.com\/wp-content\/uploads\/2022\/11\/sanitaires-vaisselle-camping-saint-cast-1024x768.jpg\" alt=\"sanit\u00e4re Lage le clos ruhig\" loading=\"lazy\">\r\n\t\t\t\t\t\t\t\t\t\t\t\t\t\t\t<\/a>\r\n\t\t\t\t\t\t<\/div>\r\n\r\n\t\t\t\t\t\t\r\n\t\t\t\t\t\t\t\t\t\t\t\t\t\t\t\t\t\r\n\t\t\t\t\t\t\r\n\t\t\t\t\t\t<div class=\"sev-diaporama-portfolio-item    col-12 col-md  col-shrink\">\r\n\t\t\t\t\t\t\t<a href=\"https:\/\/www.mirabel-clostranquille.com\/wp-content\/uploads\/2022\/11\/terrain-jeu-sport-camping-clos-1024x768.jpg\" data-lightbox=\"sevgallery-692656217\" style=\"background-image: url(https:\/\/www.mirabel-clostranquille.com\/wp-content\/uploads\/2022\/11\/terrain-jeu-sport-camping-clos-1024x768.jpg)\">\r\n\t\t\t\t\t\t\t\t<img decoding=\"async\" src=\"https:\/\/www.mirabel-clostranquille.com\/wp-content\/uploads\/2022\/11\/terrain-jeu-sport-camping-clos-1024x768.jpg\" alt=\"multisportplatz saint cast le guildo\" loading=\"lazy\">\r\n\t\t\t\t\t\t\t\t\t\t\t\t\t\t\t<\/a>\r\n\t\t\t\t\t\t<\/div>\r\n\r\n\t\t\t\t\t\t\r\n\t\t\t\t\t\t\t\t\t\t\t\t\t\t\t\t\t\r\n\t\t\t\t\t\t\r\n\t\t\t\t\t\t<div class=\"sev-diaporama-portfolio-item    col-12 col-md  col-grow\">\r\n\t\t\t\t\t\t\t<a href=\"https:\/\/www.mirabel-clostranquille.com\/wp-content\/uploads\/2022\/11\/Aire-jeux-enfants-Clos-tranquille-1024x683.jpg\" data-lightbox=\"sevgallery-692656217\" style=\"background-image: url(https:\/\/www.mirabel-clostranquille.com\/wp-content\/uploads\/2022\/11\/Aire-jeux-enfants-Clos-tranquille-1024x683.jpg)\">\r\n\t\t\t\t\t\t\t\t<img decoding=\"async\" src=\"https:\/\/www.mirabel-clostranquille.com\/wp-content\/uploads\/2022\/11\/Aire-jeux-enfants-Clos-tranquille-1024x683.jpg\" alt=\"schaukel camping le clos tranquille\" loading=\"lazy\">\r\n\t\t\t\t\t\t\t\t\t\t\t\t\t\t\t<\/a>\r\n\t\t\t\t\t\t<\/div>\r\n\r\n\t\t\t\t\t\t\r\n\t\t\t\t\t\t\t\t\t\t\t\t\t\t\t\t\t\r\n\t\t\t\t\t\t\r\n\t\t\t\t\t\t<div class=\"sev-diaporama-portfolio-item    col-12 col-md  col-grow\">\r\n\t\t\t\t\t\t\t<a href=\"https:\/\/www.mirabel-clostranquille.com\/wp-content\/uploads\/2022\/11\/balancoire-enfant-jeu-1024x683.jpg\" data-lightbox=\"sevgallery-692656217\" style=\"background-image: url(https:\/\/www.mirabel-clostranquille.com\/wp-content\/uploads\/2022\/11\/balancoire-enfant-jeu-1024x683.jpg)\">\r\n\t\t\t\t\t\t\t\t<img decoding=\"async\" src=\"https:\/\/www.mirabel-clostranquille.com\/wp-content\/uploads\/2022\/11\/balancoire-enfant-jeu-1024x683.jpg\" alt=\"kinderspielplatz le clos tranquille\" loading=\"lazy\">\r\n\t\t\t\t\t\t\t\t\t\t\t\t\t\t\t<\/a>\r\n\t\t\t\t\t\t<\/div>\r\n\r\n\t\t\t\t\t\t\t\t\t\t\t\t\t<div class=\"w-100\"><\/div>\r\n\t\t\t\t\t\t\t\t\t\t\t\t\t\r\n\t\t\t\t\t\t\t\t\t\t\t\t\t\t\t\t\t\r\n\t\t\t\t\t\t\r\n\t\t\t\t\t\t<div class=\"sev-diaporama-portfolio-item    col-12 col-md  col-shrink\">\r\n\t\t\t\t\t\t\t<a href=\"https:\/\/www.mirabel-clostranquille.com\/wp-content\/uploads\/2022\/11\/camping-caravane-saint-cast-1024x691.jpg\" data-lightbox=\"sevgallery-692656217\" style=\"background-image: url(https:\/\/www.mirabel-clostranquille.com\/wp-content\/uploads\/2022\/11\/camping-caravane-saint-cast-1024x691.jpg)\">\r\n\t\t\t\t\t\t\t\t<img decoding=\"async\" src=\"https:\/\/www.mirabel-clostranquille.com\/wp-content\/uploads\/2022\/11\/camping-caravane-saint-cast-1024x691.jpg\" alt=\"Stellplatz Wohnmobil Wohnwagen Zelt\" loading=\"lazy\">\r\n\t\t\t\t\t\t\t\t\t\t\t\t\t\t\t<\/a>\r\n\t\t\t\t\t\t<\/div>\r\n\r\n\t\t\t\t\t\t\r\n\t\t\t\t\t\t\t\t\t\t\t\t\t\t\t\t\t\r\n\t\t\t\t\t\t\r\n\t\t\t\t\t\t<div class=\"sev-diaporama-portfolio-item    col-12 col-md\">\r\n\t\t\t\t\t\t\t<a href=\"https:\/\/www.mirabel-clostranquille.com\/wp-content\/uploads\/2022\/11\/camping-enfants-campagne-cote-armor-1024x683.jpg\" data-lightbox=\"sevgallery-692656217\" style=\"background-image: url(https:\/\/www.mirabel-clostranquille.com\/wp-content\/uploads\/2022\/11\/camping-enfants-campagne-cote-armor-1024x683.jpg)\">\r\n\t\t\t\t\t\t\t\t<img decoding=\"async\" src=\"https:\/\/www.mirabel-clostranquille.com\/wp-content\/uploads\/2022\/11\/camping-enfants-campagne-cote-armor-1024x683.jpg\" alt=\"familiencampingplatz le clos tranquille\" loading=\"lazy\">\r\n\t\t\t\t\t\t\t\t\t\t\t\t\t\t\t<\/a>\r\n\t\t\t\t\t\t<\/div>\r\n\r\n\t\t\t\t\t\t\r\n\t\t\t\t\t\t\t\t\t\t\t\t\t\t\t\t\t\r\n\t\t\t\t\t\t\r\n\t\t\t\t\t\t<div class=\"sev-diaporama-portfolio-item    col-12 col-md  col-grow\">\r\n\t\t\t\t\t\t\t<a href=\"https:\/\/www.mirabel-clostranquille.com\/wp-content\/uploads\/2022\/11\/camping-famille-nature-saint-cast-bretagne-1024x683.jpg\" data-lightbox=\"sevgallery-692656217\" style=\"background-image: url(https:\/\/www.mirabel-clostranquille.com\/wp-content\/uploads\/2022\/11\/camping-famille-nature-saint-cast-bretagne-1024x683.jpg)\">\r\n\t\t\t\t\t\t\t\t<img decoding=\"async\" src=\"https:\/\/www.mirabel-clostranquille.com\/wp-content\/uploads\/2022\/11\/camping-famille-nature-saint-cast-bretagne-1024x683.jpg\" alt=\"mobilheim camping saint cast le guildo\" loading=\"lazy\">\r\n\t\t\t\t\t\t\t\t\t\t\t\t\t\t\t<\/a>\r\n\t\t\t\t\t\t<\/div>\r\n\r\n\t\t\t\t\t\t\r\n\t\t\t\t\t\t\t\t\t\t\t\t\t\t\t\t\t\r\n\t\t\t\t\t\t\r\n\t\t\t\t\t\t<div class=\"sev-diaporama-portfolio-item    col-12 col-md  col-shrink\">\r\n\t\t\t\t\t\t\t<a href=\"https:\/\/www.mirabel-clostranquille.com\/wp-content\/uploads\/2022\/11\/camping-nature-campagne-guildo-683x1024.jpg\" data-lightbox=\"sevgallery-692656217\" style=\"background-image: url(https:\/\/www.mirabel-clostranquille.com\/wp-content\/uploads\/2022\/11\/camping-nature-campagne-guildo-683x1024.jpg)\">\r\n\t\t\t\t\t\t\t\t<img decoding=\"async\" src=\"https:\/\/www.mirabel-clostranquille.com\/wp-content\/uploads\/2022\/11\/camping-nature-campagne-guildo-683x1024.jpg\" alt=\"familienspiele le clos tranquille\" loading=\"lazy\">\r\n\t\t\t\t\t\t\t\t\t\t\t\t\t\t\t<\/a>\r\n\t\t\t\t\t\t<\/div>\r\n\r\n\t\t\t\t\t\t\t\t\t\t\t\t\t<div class=\"w-100\"><\/div>\r\n\t\t\t\t\t\t\t\t\t\t\t\t\t\r\n\t\t\t\t\t\t\t\t\t\t\t\t\t\t\t\t\t\r\n\t\t\t\t\t\t\r\n\t\t\t\t\t\t<div class=\"sev-diaporama-portfolio-item    col-12 col-md  col-shrink\">\r\n\t\t\t\t\t\t\t<a href=\"https:\/\/www.mirabel-clostranquille.com\/wp-content\/uploads\/2022\/11\/camping-velo-saint-cast-1024x712.jpg\" data-lightbox=\"sevgallery-692656217\" style=\"background-image: url(https:\/\/www.mirabel-clostranquille.com\/wp-content\/uploads\/2022\/11\/camping-velo-saint-cast-1024x712.jpg)\">\r\n\t\t\t\t\t\t\t\t<img decoding=\"async\" src=\"https:\/\/www.mirabel-clostranquille.com\/wp-content\/uploads\/2022\/11\/camping-velo-saint-cast-1024x712.jpg\" alt=\"Fahrradtour zum Clos tranquille\" loading=\"lazy\">\r\n\t\t\t\t\t\t\t\t\t\t\t\t\t\t\t<\/a>\r\n\t\t\t\t\t\t<\/div>\r\n\r\n\t\t\t\t\t\t\r\n\t\t\t\t\t\t\t\t\t\t\t\t\t\t\t\t\t\r\n\t\t\t\t\t\t\r\n\t\t\t\t\t\t<div class=\"sev-diaporama-portfolio-item    col-12 col-md\">\r\n\t\t\t\t\t\t\t<a href=\"https:\/\/www.mirabel-clostranquille.com\/wp-content\/uploads\/2022\/11\/emplacement-camion-camping-amis-1024x740.jpg\" data-lightbox=\"sevgallery-692656217\" style=\"background-image: url(https:\/\/www.mirabel-clostranquille.com\/wp-content\/uploads\/2022\/11\/emplacement-camion-camping-amis-1024x740.jpg)\">\r\n\t\t\t\t\t\t\t\t<img decoding=\"async\" src=\"https:\/\/www.mirabel-clostranquille.com\/wp-content\/uploads\/2022\/11\/emplacement-camion-camping-amis-1024x740.jpg\" alt=\"ger\u00e4umiger stellplatz camping bretagne\" loading=\"lazy\">\r\n\t\t\t\t\t\t\t\t\t\t\t\t\t\t\t<\/a>\r\n\t\t\t\t\t\t<\/div>\r\n\r\n\t\t\t\t\t\t\r\n\t\t\t\t\t\t\t\t\t\t\t\t\t\t\t\t\t\r\n\t\t\t\t\t\t\r\n\t\t\t\t\t\t<div class=\"sev-diaporama-portfolio-item    col-12 col-md  col-shrink\">\r\n\t\t\t\t\t\t\t<a href=\"https:\/\/www.mirabel-clostranquille.com\/wp-content\/uploads\/2022\/11\/emplacement-nature-saint-cast-1024x768.jpg\" data-lightbox=\"sevgallery-692656217\" style=\"background-image: url(https:\/\/www.mirabel-clostranquille.com\/wp-content\/uploads\/2022\/11\/emplacement-nature-saint-cast-1024x768.jpg)\">\r\n\t\t\t\t\t\t\t\t<img decoding=\"async\" src=\"https:\/\/www.mirabel-clostranquille.com\/wp-content\/uploads\/2022\/11\/emplacement-nature-saint-cast-1024x768.jpg\" alt=\"campingplatz bretagne\" loading=\"lazy\">\r\n\t\t\t\t\t\t\t\t\t\t\t\t\t\t\t<\/a>\r\n\t\t\t\t\t\t<\/div>\r\n\r\n\t\t\t\t\t\t\r\n\t\t\t\t\t\t\t\t\t\t\t\t\t\t\t\t\t\r\n\t\t\t\t\t\t\r\n\t\t\t\t\t\t<div class=\"sev-diaporama-portfolio-item    col-12 col-md  col-shrink\">\r\n\t\t\t\t\t\t\t<a href=\"https:\/\/www.mirabel-clostranquille.com\/wp-content\/uploads\/2022\/11\/emplacement-tente-camping-guildo-1024x768.jpg\" data-lightbox=\"sevgallery-692656217\" style=\"background-image: url(https:\/\/www.mirabel-clostranquille.com\/wp-content\/uploads\/2022\/11\/emplacement-tente-camping-guildo-1024x768.jpg)\">\r\n\t\t\t\t\t\t\t\t<img decoding=\"async\" src=\"https:\/\/www.mirabel-clostranquille.com\/wp-content\/uploads\/2022\/11\/emplacement-tente-camping-guildo-1024x768.jpg\" alt=\"standort saint cast le guildo zelt\" loading=\"lazy\">\r\n\t\t\t\t\t\t\t\t\t\t\t\t\t\t\t<\/a>\r\n\t\t\t\t\t\t<\/div>\r\n\r\n\t\t\t\t\t\t\t\t\t\t\t\t\t<div class=\"w-100\"><\/div>\r\n\t\t\t\t\t\t\t\t\t\t\t\t\t\r\n\t\t\t\t\t\t\t\t\t\t\t\t\t\t\t\t\t\r\n\t\t\t\t\t\t\r\n\t\t\t\t\t\t<div class=\"sev-diaporama-portfolio-item  limitsm  col-12 col-md  last-visible\">\r\n\t\t\t\t\t\t\t<a href=\"https:\/\/www.mirabel-clostranquille.com\/wp-content\/uploads\/2022\/11\/emplacement-velo-saint-cast-1024x768.jpg\" data-lightbox=\"sevgallery-692656217\" style=\"background-image: url(https:\/\/www.mirabel-clostranquille.com\/wp-content\/uploads\/2022\/11\/emplacement-velo-saint-cast-1024x768.jpg)\">\r\n\t\t\t\t\t\t\t\t<img decoding=\"async\" src=\"https:\/\/www.mirabel-clostranquille.com\/wp-content\/uploads\/2022\/11\/emplacement-velo-saint-cast-1024x768.jpg\" alt=\"stellplatz saint cast le guildo camping le clos tranquille\" loading=\"lazy\">\r\n\t\t\t\t\t\t\t\t\t\t\t\t\t\t\t\t\t<img decoding=\"async\" src=\"https:\/\/www.mirabel-clostranquille.com\/wp-content\/themes\/clostranquille\/assets\/img\/voir-photos.png\" alt=\"\" \/>\r\n\t\t\t\t\t\t\t\t\t<span>Alle Fotos anzeigen<\/span>\r\n\t\t\t\t\t\t\t\t\t\t\t\t\t\t\t<\/a>\r\n\t\t\t\t\t\t<\/div>\r\n\r\n\t\t\t\t\t\t\r\n\t\t\t\t\t\t\t\t\t\t\t\t\t\t\t\t\t\t\t\t\t<\/div>\r\n\t\t\t<\/div>\r\n\r\n\t\t\t<script>\r\n\t\t\tjQuery(function($) {\r\n\r\n\t\t\t\tvar marginPortfolio = function() {\r\n\r\n\t\t\t\t\tvar $diapo          = $('#sevgallery-692656217');\r\n\t\t\t\t\tvar container_width = $diapo.parent().outerWidth();\r\n\t\t\t\t\tvar side            = ( $(window).innerWidth() - container_width ) \/ 2;\r\n\r\n\t\t\t\t\t$diapo.css( {\r\n\t\t\t\t\t\t'margin-left': '-' + side + 'px',\r\n\t\t\t\t\t\t'margin-right': '-' + side + 'px',\r\n\t\t\t\t\t} );\r\n\t\t\t\t};\r\n\r\n\t\t\t\t$( window ).resize( function() {\r\n\t\t\t\t\tmarginPortfolio();\r\n\t\t\t\t} );\r\n\t\t\t\tmarginPortfolio();\r\n\t\t\t});\r\n\t\t\t<\/script>","protected":false},"excerpt":{"rendered":"<p>Fotogalerie des Campingplatzes Le Clos Tranquille in Saint-Cast-le-Guildo<\/p>","protected":false},"author":1,"featured_media":0,"parent":0,"menu_order":0,"comment_status":"closed","ping_status":"closed","template":"","meta":{"_seopress_robots_primary_cat":"","_seopress_titles_title":"Photos du camping le Clos Tranquille \u00e0 Saint Cast le Guildo","_seopress_titles_desc":"Retrouvez ici la galerie de photos du camping Le Clos Tranquille \u00e0 Saint Cast ! Ambiance de vacances et de d\u00e9tente pour toute la famille.","_seopress_robots_index":"","footnotes":""},"class_list":["post-52","page","type-page","status-publish","hentry"],"_links":{"self":[{"href":"https:\/\/www.mirabel-clostranquille.com\/de\/wp-json\/wp\/v2\/pages\/52","targetHints":{"allow":["GET"]}}],"collection":[{"href":"https:\/\/www.mirabel-clostranquille.com\/de\/wp-json\/wp\/v2\/pages"}],"about":[{"href":"https:\/\/www.mirabel-clostranquille.com\/de\/wp-json\/wp\/v2\/types\/page"}],"author":[{"embeddable":true,"href":"https:\/\/www.mirabel-clostranquille.com\/de\/wp-json\/wp\/v2\/users\/1"}],"replies":[{"embeddable":true,"href":"https:\/\/www.mirabel-clostranquille.com\/de\/wp-json\/wp\/v2\/comments?post=52"}],"version-history":[{"count":1,"href":"https:\/\/www.mirabel-clostranquille.com\/de\/wp-json\/wp\/v2\/pages\/52\/revisions"}],"predecessor-version":[{"id":7253,"href":"https:\/\/www.mirabel-clostranquille.com\/de\/wp-json\/wp\/v2\/pages\/52\/revisions\/7253"}],"wp:attachment":[{"href":"https:\/\/www.mirabel-clostranquille.com\/de\/wp-json\/wp\/v2\/media?parent=52"}],"curies":[{"name":"wp","href":"https:\/\/api.w.org\/{rel}","templated":true}]}}