{"id":67,"date":"2021-12-10T14:24:37","date_gmt":"2021-12-10T13:24:37","guid":{"rendered":"https:\/\/www.campinglarenaudiere.com\/?page_id=67"},"modified":"2025-06-25T14:15:20","modified_gmt":"2025-06-25T12:15:20","slug":"zielort-lannion","status":"publish","type":"page","link":"https:\/\/www.mirabel-clostranquille.com\/de\/destination-lannion\/","title":{"rendered":"Lannion"},"content":{"rendered":"<h1 class=\"wp-block-heading\"><strong>Lannion, die Hauptstadt des Tr\u00e9gor<\/strong><\/h1>\n\n\n\n<p class=\"has-text-align-center\">Lannion liegt zwischen der C\u00f4te d'\u00c9meraude und der C\u00f4te de Granit Rose und ist eine historische Stadt, in der die bretonische Tradition seit Jahrhunderten fortbesteht. Sie wird Sie aber auch mit ihrer Modernit\u00e4t und Dynamik \u00fcberraschen.<\/p>\n\n\n\n<figure class=\"wp-block-image aligncenter size-full\"><img decoding=\"async\" src=\"https:\/\/www.mirabel-mielles.com\/wp-content\/uploads\/2022\/09\/barre-bleue.png\" alt=\"camping saint cast le guildo\" class=\"wp-image-5969\"\/><\/figure>\n\n\n\n<div style=\"height:30px\" aria-hidden=\"true\" class=\"wp-block-spacer\"><\/div>\n\n\n\n<div class=\"wp-block-media-text alignwide has-media-on-the-right is-stacked-on-mobile is-vertically-aligned-center is-style-default animate right\"><div class=\"wp-block-media-text__content\">\n<h2 class=\"wp-block-heading\">Zur\u00fcck in die Zeit des Mittelalters<\/h2>\n\n\n\n<figure class=\"wp-block-image size-full\"><img decoding=\"async\" src=\"https:\/\/www.campinglarenaudiere.com\/wp-content\/uploads\/2022\/01\/barre-bleue.png\" alt=\"camping saint cast le guildo\" class=\"wp-image-2382\"\/><\/figure>\n\n\n\n<p>F\u00fcr Liebhaber der Geschichte und des Rittertums wird Lannion ein Spielplatz in Lebensgr\u00f6\u00dfe sein. <strong>Ehemalige mittelalterliche Stadt<\/strong>, In den gepflasterten Stra\u00dfen, Pl\u00e4tzen und Gassen werden Sie die Authentizit\u00e4t der damaligen Zeit wiederfinden. Dann interessieren Sie sich f\u00fcr die <strong>Fachwerkh\u00e4user<\/strong>, In Lannion gibt es viele Sehensw\u00fcrdigkeiten, wie z. B. die Herrenh\u00e4user und T\u00fcrme, die an die Fassaden der Stadth\u00e4user angebaut sind. Ein Muss in Lannion sind zweifellos <strong>die Kirche von Br\u00e9l\u00e9venez<\/strong> der die Stadt \u00fcberragt. Sie k\u00f6nnen ihn erreichen, indem Sie die 142 Stufen seines ber\u00fchmten <strong>malerische Treppe.<\/strong><\/p>\n<\/div><figure class=\"wp-block-media-text__media\"><img loading=\"lazy\" decoding=\"async\" width=\"1024\" height=\"683\" src=\"https:\/\/www.mirabel-clostranquille.com\/wp-content\/uploads\/2022\/11\/1-lannion-balade-escalier-bretagne-1024x683.jpg\" alt=\"camping saint cast le guildo\" class=\"wp-image-7733 size-full\" srcset=\"https:\/\/www.mirabel-clostranquille.com\/wp-content\/uploads\/2022\/11\/1-lannion-balade-escalier-bretagne-1024x683.jpg 1024w, https:\/\/www.mirabel-clostranquille.com\/wp-content\/uploads\/2022\/11\/1-lannion-balade-escalier-bretagne-300x200.jpg 300w, https:\/\/www.mirabel-clostranquille.com\/wp-content\/uploads\/2022\/11\/1-lannion-balade-escalier-bretagne-768x512.jpg 768w, https:\/\/www.mirabel-clostranquille.com\/wp-content\/uploads\/2022\/11\/1-lannion-balade-escalier-bretagne.jpg 1200w\" sizes=\"auto, (max-width: 1024px) 100vw, 1024px\" \/><\/figure><\/div>\n\n\n\n<p><\/p>\n\n\n\n<div class=\"wp-block-media-text alignwide is-stacked-on-mobile is-vertically-aligned-center animate left front-page-section grey\"><figure class=\"wp-block-media-text__media\"><img loading=\"lazy\" decoding=\"async\" width=\"1024\" height=\"683\" src=\"https:\/\/www.mirabel-clostranquille.com\/wp-content\/uploads\/2022\/11\/2-lannion-CAD22_01778_L_oeil-de-Paco-1024x683.jpg\" alt=\"camping saint cast le guildo\" class=\"wp-image-7737 size-full\" srcset=\"https:\/\/www.mirabel-clostranquille.com\/wp-content\/uploads\/2022\/11\/2-lannion-CAD22_01778_L_oeil-de-Paco-1024x683.jpg 1024w, https:\/\/www.mirabel-clostranquille.com\/wp-content\/uploads\/2022\/11\/2-lannion-CAD22_01778_L_oeil-de-Paco-300x200.jpg 300w, https:\/\/www.mirabel-clostranquille.com\/wp-content\/uploads\/2022\/11\/2-lannion-CAD22_01778_L_oeil-de-Paco-768x512.jpg 768w, https:\/\/www.mirabel-clostranquille.com\/wp-content\/uploads\/2022\/11\/2-lannion-CAD22_01778_L_oeil-de-Paco.jpg 1200w\" sizes=\"auto, (max-width: 1024px) 100vw, 1024px\" \/><\/figure><div class=\"wp-block-media-text__content\">\n<h2 class=\"wp-block-heading\">Wo kann man in Lannion ausgehen?<\/h2>\n\n\n\n<figure class=\"wp-block-image size-full\"><img decoding=\"async\" src=\"https:\/\/www.campinglarenaudiere.com\/wp-content\/uploads\/2022\/01\/barre-bleue.png\" alt=\"camping saint cast le guildo\" class=\"wp-image-2382\"\/><\/figure>\n\n\n\n<p>Neben seiner historischen Vergangenheit ist Lannion auch eine Stadt, in der man<strong> zahlreiche Aktivit\u00e4ten<\/strong> mit der Familie oder unter Freunden. Ausstellungen, Konzerte, Restaurants-Bars, Freizeitaktivit\u00e4ten - es gibt eine gro\u00dfe Auswahl. <strong>Die Bildgebung <\/strong>ist eine <strong>Galerie, die der Kunst und der Fotografie gewidmet ist<\/strong> in dem jeden Sommer die Estivales photographiques stattfinden. F\u00fcr Liebhaber von<strong> Live-Auff\u00fchrung<\/strong>, Im Carr\u00e9 Magique k\u00f6nnen Sie ein Konzert, ein Theaterst\u00fcck, eine Tanz- oder Zirkusvorstellung besuchen. Und f\u00fcr diejenigen, die lieber <strong>Sportaktivit\u00e4ten<\/strong> und Freizeit: Die Basis Sports Nature in Lannion bietet Wassersportaktivit\u00e4ten wie Kajakfahren, Rafting oder Wildwasserschwimmen an. Der Reitclub bietet Ihnen einen einzigartigen Ausritt an. Schlie\u00dflich, <strong>f\u00fcr die Kleinsten <\/strong>die ihre Energie ausleben m\u00fcssen, ist der Park \u00abElopirate\u00bb mit seinen H\u00fcpfburgen der ideale Ort, um sich in aller Sicherheit auszupowern.<\/p>\n<\/div><\/div>\n\n\n\n<div class=\"wp-block-media-text alignwide has-media-on-the-right is-stacked-on-mobile is-vertically-aligned-center is-style-default animate right\"><div class=\"wp-block-media-text__content\">\n<p class=\"texte-rond has-orange-color has-text-color has-large-font-size\">Das Tal von Goas Lagorn: zwischen Land und Meer!<\/p>\n\n\n\n<p><strong>47 Hektar Tal<\/strong> begrenzen die St\u00e4dte Lannion und Tr\u00e9beurden im Departement C\u00f4tes d'Armor. Das Tal von Goas Lagorn beherbergt heute zahlreiche Weidetiere. Eingerahmt auf beiden Seiten von den <strong>Klippen von Beg L\u00e9guer und Pors Mab<\/strong>o, geh\u00f6rt das Tal zur Dom\u00e4ne des Conservatoire de l'Espace Littoral, um seine Erhaltung zu gew\u00e4hrleisten. Es liegt nicht weit vom GR34 entfernt, sodass Sie es leicht erreichen k\u00f6nnen und vor Ort die Kapelle St Thurien finden. Eine Gelegenheit, die <strong>nat\u00fcrlicher Reichtum in Lannion<\/strong> und seine Umgebung w\u00e4hrend Ihres Aufenthalts in der Bretagne.<\/p>\n<\/div><figure class=\"wp-block-media-text__media\"><img loading=\"lazy\" decoding=\"async\" width=\"1024\" height=\"683\" src=\"https:\/\/www.mirabel-clostranquille.com\/wp-content\/uploads\/2022\/11\/3-lannion-valleecrtb-ae04721_PORIEL-Thibault-1-1024x683.jpg\" alt=\"camping saint cast le guildo\" class=\"wp-image-7741 size-full\" srcset=\"https:\/\/www.mirabel-clostranquille.com\/wp-content\/uploads\/2022\/11\/3-lannion-valleecrtb-ae04721_PORIEL-Thibault-1-1024x683.jpg 1024w, https:\/\/www.mirabel-clostranquille.com\/wp-content\/uploads\/2022\/11\/3-lannion-valleecrtb-ae04721_PORIEL-Thibault-1-300x200.jpg 300w, https:\/\/www.mirabel-clostranquille.com\/wp-content\/uploads\/2022\/11\/3-lannion-valleecrtb-ae04721_PORIEL-Thibault-1-768x512.jpg 768w, https:\/\/www.mirabel-clostranquille.com\/wp-content\/uploads\/2022\/11\/3-lannion-valleecrtb-ae04721_PORIEL-Thibault-1.jpg 1200w\" sizes=\"auto, (max-width: 1024px) 100vw, 1024px\" \/><\/figure><\/div>\n\n\n\n<p class=\"has-text-align-center texte-rond mt-5 has-orange-color has-text-color has-large-font-size\">Was es auf dem Campingplatz zu entdecken gibt<\/p>\n\n\n\n<div class=\"wp-block-columns are-vertically-aligned-center h-20 front-page-section grey is-layout-flex wp-container-core-columns-is-layout-28f84493 wp-block-columns-is-layout-flex\">\n<div class=\"wp-block-column is-layout-flow wp-block-column-is-layout-flow\"><\/div>\n\n\n\n<div class=\"wp-block-column is-layout-flow wp-block-column-is-layout-flow\">\n<div class=\"wp-block-create-block-sevgutenberg-navigation\"><aside class=\"encart-sev-navigation small carre\"><a href=\"https:\/\/www.mirabel-clostranquille.com\/de\/campingplatz\/\" class=\"d-flex flex-column align-items-center\"><div class=\"encart-title\"><span>Campingpl\u00e4tze<\/span><\/div><div class=\"vague\"><\/div><img decoding=\"async\" src=\"https:\/\/www.mirabel-clostranquille.com\/wp-content\/uploads\/2022\/11\/emplacement-velo-saint-cast-1.jpg\" alt=\"gro\u00dfer Stellplatz Zeltaufenthalt Bretagne\"\/><div class=\"ligne\"><\/div><div class=\"hover\"><\/div><\/a><\/aside><\/div>\n<\/div>\n\n\n\n<div class=\"wp-block-column is-vertically-aligned-center is-layout-flow wp-block-column-is-layout-flow\">\n<div class=\"wp-block-create-block-sevgutenberg-navigation\"><aside class=\"encart-sev-navigation small carre\"><a href=\"https:\/\/www.mirabel-clostranquille.com\/de\/saint-briac-sur-mer\/\" class=\"d-flex flex-column align-items-center\"><div class=\"encart-title\"><span>Saint-Briac-sur-Mer<\/span><\/div><div class=\"vague\"><\/div><img decoding=\"async\" src=\"https:\/\/www.mirabel-clostranquille.com\/wp-content\/uploads\/2022\/11\/3-st-briac-crtb-ad5959_LAMOUREUX-Alexandre.jpg\" alt=\"Strand von St Briac\"\/><div class=\"ligne\"><\/div><div class=\"hover\"><\/div><\/a><\/aside><\/div>\n<\/div>\n\n\n\n<div class=\"wp-block-column is-vertically-aligned-center is-layout-flow wp-block-column-is-layout-flow\">\n<div class=\"wp-block-create-block-sevgutenberg-navigation\"><aside class=\"encart-sev-navigation small carre\"><a href=\"https:\/\/www.mirabel-clostranquille.com\/de\/sport-freizeit\/\" class=\"d-flex flex-column align-items-center\"><div class=\"encart-title\"><span>Sport und Freizeit<\/span><\/div><div class=\"vague\"><\/div><img decoding=\"async\" src=\"https:\/\/www.mirabel-clostranquille.com\/wp-content\/uploads\/2022\/11\/terrain-jeu-sport-camping-clos-1.jpg\" alt=\"multisportplatz saint cast\"\/><div class=\"ligne\"><\/div><div class=\"hover\"><\/div><\/a><\/aside><\/div>\n<\/div>\n\n\n\n<div class=\"wp-block-column is-layout-flow wp-block-column-is-layout-flow\"><\/div>\n<\/div>","protected":false},"excerpt":{"rendered":"<p>Lannion, la capitale du Tr\u00e9gor Situ\u00e9e entre la C\u00f4te d\u2019\u00c9meraude et la C\u00f4te de Granit Rose, Lannion est une ville [&hellip;]<\/p>\n","protected":false},"author":1,"featured_media":0,"parent":0,"menu_order":0,"comment_status":"closed","ping_status":"closed","template":"","meta":{"_seopress_robots_primary_cat":"","_seopress_titles_title":"Tourisme Camping Le Clos Tranquille en Bretagne","_seopress_titles_desc":"Partez \u00e0 la d\u00e9couverte de Saint Cast le Guildo et Lannion, sites touristiques majeurs","_seopress_robots_index":"","footnotes":""},"class_list":["post-67","page","type-page","status-publish","hentry"],"_links":{"self":[{"href":"https:\/\/www.mirabel-clostranquille.com\/de\/wp-json\/wp\/v2\/pages\/67","targetHints":{"allow":["GET"]}}],"collection":[{"href":"https:\/\/www.mirabel-clostranquille.com\/de\/wp-json\/wp\/v2\/pages"}],"about":[{"href":"https:\/\/www.mirabel-clostranquille.com\/de\/wp-json\/wp\/v2\/types\/page"}],"author":[{"embeddable":true,"href":"https:\/\/www.mirabel-clostranquille.com\/de\/wp-json\/wp\/v2\/users\/1"}],"replies":[{"embeddable":true,"href":"https:\/\/www.mirabel-clostranquille.com\/de\/wp-json\/wp\/v2\/comments?post=67"}],"version-history":[{"count":11,"href":"https:\/\/www.mirabel-clostranquille.com\/de\/wp-json\/wp\/v2\/pages\/67\/revisions"}],"predecessor-version":[{"id":10396,"href":"https:\/\/www.mirabel-clostranquille.com\/de\/wp-json\/wp\/v2\/pages\/67\/revisions\/10396"}],"wp:attachment":[{"href":"https:\/\/www.mirabel-clostranquille.com\/de\/wp-json\/wp\/v2\/media?parent=67"}],"curies":[{"name":"wp","href":"https:\/\/api.w.org\/{rel}","templated":true}]}}