{"id":69,"date":"2021-12-10T14:25:41","date_gmt":"2021-12-10T13:25:41","guid":{"rendered":"https:\/\/www.campinglarenaudiere.com\/?page_id=69"},"modified":"2025-06-25T14:13:39","modified_gmt":"2025-06-25T12:13:39","slug":"saint-cast-le-guildo","status":"publish","type":"page","link":"https:\/\/www.mirabel-clostranquille.com\/de\/saint-cast-le-guildo\/","title":{"rendered":"Saint-Cast-le-Guildo"},"content":{"rendered":"<h1 class=\"wp-block-heading\"><strong>Saint-Cast-le-Guildo an der Spitze der Halbinsel der C\u00f4te d'\u00c9meraude<\/strong><\/h1>\n\n\n\n<p class=\"has-text-align-center\">Der Campingplatz Le Clos Tranquille befindet sich in der charmanten Stadt Saint Cast le Guildo, einem Badeort zwischen Land und Meer mit atemberaubenden Landschaften.<\/p>\n\n\n\n<figure class=\"wp-block-image aligncenter size-full\"><img decoding=\"async\" src=\"https:\/\/www.mirabel-mielles.com\/wp-content\/uploads\/2022\/09\/barre-bleue.png\" alt=\"camping saint cast le guildo\" class=\"wp-image-5969\"\/><\/figure>\n\n\n\n<div style=\"height:30px\" aria-hidden=\"true\" class=\"wp-block-spacer\"><\/div>\n\n\n\n<div class=\"wp-block-media-text alignwide has-media-on-the-right is-stacked-on-mobile is-vertically-aligned-center is-style-default animate right\"><div class=\"wp-block-media-text__content\">\n<p class=\"texte-rond has-orange-color has-text-color has-large-font-size\">Frische Luft f\u00fcr Ihren Urlaub<\/p>\n\n\n\n<div style=\"height:14px\" aria-hidden=\"true\" class=\"wp-block-spacer\"><\/div>\n\n\n\n<p>Wenn f\u00fcr dich der ideale Urlaub gleichbedeutend mit Strand ist, dann ist Saint Cast le Guildo das perfekte Reiseziel f\u00fcr dich! Es gibt insgesamt <strong>7 bezaubernde Str\u00e4nde mit feinem Sand<\/strong>. Da Les 4 vaulx am n\u00e4chsten liegt (650 m entfernt), k\u00f6nnen Sie sich in der W\u00e4rme der bretonischen Sonne aalen, w\u00e4hrend die Kinder in den hohen Wellen planschen!<\/p>\n\n\n\n<p>Bevorzugen Sie Spazierg\u00e4nge? Ob zu Fu\u00df oder mit dem Fahrrad, die <strong>20 km K\u00fcstenwanderwege<\/strong> und ein Teil des Wanderwegs GR34, der durch den Ort f\u00fchrt, erm\u00f6glichen es Ihnen, die sch\u00f6nsten Aussichtspunkte des Ortes zu genie\u00dfen. Diejenigen, die die Weite lieben, k\u00f6nnen sich auf ein Abenteuer auf den <strong>6 Fahrradschleifen <\/strong>im Hinterland der Smaragdk\u00fcste.<\/p>\n\n\n\n<figure class=\"wp-block-image aligncenter size-full is-resized\"><img decoding=\"async\" src=\"https:\/\/www.campinglarenaudiere.com\/wp-content\/uploads\/2022\/01\/Vagues.png\" alt=\"Wellen am Meer\" class=\"wp-image-1794\" style=\"width:245px;height:42px\"\/><\/figure>\n<\/div><figure class=\"wp-block-media-text__media\"><img loading=\"lazy\" decoding=\"async\" width=\"1024\" height=\"683\" src=\"https:\/\/www.mirabel-clostranquille.com\/wp-content\/uploads\/2022\/11\/1-pointe-Garde_PORIEL-Thibault-1-1024x683.jpg\" alt=\"camping saint cast le guildo\" class=\"wp-image-6978 size-full\" srcset=\"https:\/\/www.mirabel-clostranquille.com\/wp-content\/uploads\/2022\/11\/1-pointe-Garde_PORIEL-Thibault-1-1024x683.jpg 1024w, https:\/\/www.mirabel-clostranquille.com\/wp-content\/uploads\/2022\/11\/1-pointe-Garde_PORIEL-Thibault-1-300x200.jpg 300w, https:\/\/www.mirabel-clostranquille.com\/wp-content\/uploads\/2022\/11\/1-pointe-Garde_PORIEL-Thibault-1-768x512.jpg 768w, https:\/\/www.mirabel-clostranquille.com\/wp-content\/uploads\/2022\/11\/1-pointe-Garde_PORIEL-Thibault-1.jpg 1200w\" sizes=\"auto, (max-width: 1024px) 100vw, 1024px\" \/><\/figure><\/div>\n\n\n\n<div style=\"height:16px\" aria-hidden=\"true\" class=\"wp-block-spacer\"><\/div>\n\n\n\n<div class=\"wp-block-media-text alignwide is-stacked-on-mobile is-vertically-aligned-center is-image-fill-element is-style-default animate left front-page-section grey\"><figure class=\"wp-block-media-text__media\"><img loading=\"lazy\" decoding=\"async\" width=\"1024\" height=\"768\" src=\"https:\/\/www.mirabel-clostranquille.com\/wp-content\/uploads\/2022\/11\/2-centre-ville-Saint-Cast-1024x768.jpg\" alt=\"camping saint cast le guildo\" class=\"wp-image-6974 size-full\" style=\"object-position:50% 50%\" srcset=\"https:\/\/www.mirabel-clostranquille.com\/wp-content\/uploads\/2022\/11\/2-centre-ville-Saint-Cast-1024x768.jpg 1024w, https:\/\/www.mirabel-clostranquille.com\/wp-content\/uploads\/2022\/11\/2-centre-ville-Saint-Cast-300x225.jpg 300w, https:\/\/www.mirabel-clostranquille.com\/wp-content\/uploads\/2022\/11\/2-centre-ville-Saint-Cast-768x576.jpg 768w, https:\/\/www.mirabel-clostranquille.com\/wp-content\/uploads\/2022\/11\/2-centre-ville-Saint-Cast.jpg 1200w\" sizes=\"auto, (max-width: 1024px) 100vw, 1024px\" \/><\/figure><div class=\"wp-block-media-text__content\">\n<figure class=\"wp-block-image alignright size-full is-resized\"><img decoding=\"async\" src=\"https:\/\/www.campinglarenaudiere.com\/wp-content\/uploads\/2022\/01\/etoile.png\" alt=\"Seestern\" class=\"wp-image-2111\" style=\"width:80px;height:82px\"\/><\/figure>\n\n\n\n<h2 class=\"wp-block-heading has-turquoise-color has-text-color\"><strong>Das Stadtzentrum: charmant und lebendig<\/strong><\/h2>\n\n\n\n<figure class=\"wp-block-image size-full\"><img decoding=\"async\" src=\"https:\/\/www.campinglarenaudiere.com\/wp-content\/uploads\/2022\/01\/barre-bleue.png\" alt=\"camping saint cast le guildo\" class=\"wp-image-2382\"\/><\/figure>\n\n\n\n<p>Wenn Sie das Stadtzentrum erkunden m\u00f6chten, k\u00f6nnen Sie durch das Viertel von <strong>die Pointe de la Garde<\/strong>. Schlendern Sie zwischen den alten Villen oder durch das Dorf, um die lokalen Produkte zu probieren, die in den kleinen Feinkostl\u00e4den oder Restaurants angeboten werden. Saint-Cast-le-Guildo ist sehr dynamisch und beherbergt zahlreiche <strong>M\u00e4rkte das ganze Jahr \u00fcber<\/strong>&nbsp;:<\/p>\n\n\n\n<ul class=\"wp-block-list\">\n<li>Montagmorgen (Sommer): Der Markt von Les Mielles, Place du march\u00e9 des Mielles<\/li>\n\n\n\n<li>Dienstagmorgen: Markt in Le Guildo, Rue L\u00e9onie Corre<\/li>\n\n\n\n<li>Donnerstagabend (Sommer): Nachtmarkt, Rue Jacques Catier und Boulevard Duponchel<\/li>\n\n\n\n<li>Freitagmorgen: Markt auf der Isle, Place Anatole le Braz<\/li>\n<\/ul>\n\n\n\n<p>Wenn Sie mehr \u00fcber die <strong>epochale Villen<\/strong> und die Geschichte des Ortes, verpassen Sie nicht die Entdeckung der Villa Ker Leo, die 1920 von der Familie Levy erbaut und als <strong>Stadthaus<\/strong> mit einem aristokratischen Modell durch den Architekten Boleslas Jankowski. F\u00fcr Architekturbegeisterte k\u00f6nnen Sie an <a href=\"https:\/\/www.dinan-capfrehel.com\/billetteries-en-vente-a-loffice-de-tourisme\/visites-guidees-sorties-nature\/\" target=\"_blank\" rel=\"noreferrer noopener\">F\u00fchrungen, die vom Fremdenverkehrsamt angeboten werden.<\/a><\/p>\n<\/div><\/div>\n\n\n\n<p><\/p>\n\n\n\n<div class=\"wp-block-columns alignwide are-vertically-aligned-center is-layout-flex wp-container-core-columns-is-layout-28f84493 wp-block-columns-is-layout-flex\">\n<div class=\"wp-block-column is-vertically-aligned-center is-layout-flow wp-block-column-is-layout-flow\">\n<h2 class=\"wp-block-heading has-turquoise-color has-text-color\"><strong>Der Hafen von Armor: ein Muss an der Smaragdk\u00fcste<\/strong><\/h2>\n\n\n\n<figure class=\"wp-block-image size-full\"><img decoding=\"async\" src=\"https:\/\/www.campinglarenaudiere.com\/wp-content\/uploads\/2022\/01\/barre-bleue.png\" alt=\"camping saint cast le guildo\" class=\"wp-image-2382\"\/><\/figure>\n\n\n\n<p>Sie k\u00f6nnen den Hafen direkt vom Stadtzentrum aus und in wenigen Minuten zu Fu\u00df erreichen. Diese <strong>Tiefseehafen<\/strong>, Der 2009 eingeweihte und als \u00absauberer Hafen\u00bb zertifizierte Hafen wird von einem Fu\u00dfg\u00e4ngerdamm ges\u00e4umt, auf dem Sie die alten Fischerh\u00e4user entdecken und den Blick auf das Meer genie\u00dfen k\u00f6nnen. W\u00e4hrend Ihres Aufenthaltes haben Sie vielleicht das Gl\u00fcck, an einem der <strong>Segelwettbewerbe<\/strong> von hohem Niveau wie die des Grand Prix de Saint-Cast oder der European J80.<\/p>\n\n\n\n<p>Aber vor allem w\u00e4hrend der Sommerzeit k\u00f6nnen Sie mehrere <strong>Boots\u00fcberfahrten<\/strong> um nahegelegene St\u00e4dte wie Saint-Jacut-de-la-Mer und die nahegelegene Inselgruppe der Ebihen oder die Festungsstadt Saint-Malo zu erreichen.<\/p>\n\n\n\n<p>Reisen Sie mit der <a href=\"https:\/\/compagniecorsaire.com\/destination\/saint-cast-le-guildo\/\" target=\"_blank\" rel=\"noreferrer noopener\">Corsaire Company<\/a><\/p>\n<\/div>\n\n\n\n<div class=\"wp-block-column is-vertically-aligned-center is-layout-flow wp-block-column-is-layout-flow\">\n<figure class=\"wp-block-image size-large is-resized animate right\"><img loading=\"lazy\" decoding=\"async\" width=\"1024\" height=\"683\" src=\"https:\/\/www.mirabel-clostranquille.com\/wp-content\/uploads\/2022\/11\/3-Port-Armor-PORIEL-Thibault-1024x683.jpg\" alt=\"camping saint cast le guildo\" class=\"wp-image-6982\" style=\"width:495px;height:330px\" srcset=\"https:\/\/www.mirabel-clostranquille.com\/wp-content\/uploads\/2022\/11\/3-Port-Armor-PORIEL-Thibault-1024x683.jpg 1024w, https:\/\/www.mirabel-clostranquille.com\/wp-content\/uploads\/2022\/11\/3-Port-Armor-PORIEL-Thibault-300x200.jpg 300w, https:\/\/www.mirabel-clostranquille.com\/wp-content\/uploads\/2022\/11\/3-Port-Armor-PORIEL-Thibault-768x512.jpg 768w, https:\/\/www.mirabel-clostranquille.com\/wp-content\/uploads\/2022\/11\/3-Port-Armor-PORIEL-Thibault.jpg 1200w\" sizes=\"auto, (max-width: 1024px) 100vw, 1024px\" \/><\/figure>\n<\/div>\n<\/div>\n\n\n\n<p class=\"has-text-align-center texte-rond mt-5 has-orange-color has-text-color has-large-font-size\">Was es auf dem Campingplatz zu entdecken gibt<\/p>\n\n\n\n<div class=\"wp-block-columns are-vertically-aligned-center h-20 front-page-section grey is-layout-flex wp-container-core-columns-is-layout-28f84493 wp-block-columns-is-layout-flex\">\n<div class=\"wp-block-column is-layout-flow wp-block-column-is-layout-flow\"><\/div>\n\n\n\n<div class=\"wp-block-column is-layout-flow wp-block-column-is-layout-flow\">\n<div class=\"wp-block-create-block-sevgutenberg-navigation\"><aside class=\"encart-sev-navigation small carre\"><a href=\"https:\/\/www.mirabel-clostranquille.com\/de\/tarife-fur-die-vermietung-von-mobilheimen\/\" class=\"d-flex flex-column align-items-center\"><div class=\"encart-title\"><span>Mobilheime<\/span><\/div><div class=\"vague\"><\/div><img decoding=\"async\" src=\"https:\/\/www.mirabel-clostranquille.com\/wp-content\/uploads\/2022\/11\/famille-enfants-camping-bretagne.jpg\" alt=\"mobilheim camping le clos tranquille\"\/><div class=\"ligne\"><\/div><div class=\"hover\"><\/div><\/a><\/aside><\/div>\n<\/div>\n\n\n\n<div class=\"wp-block-column is-vertically-aligned-center is-layout-flow wp-block-column-is-layout-flow\">\n<div class=\"wp-block-create-block-sevgutenberg-navigation\"><aside class=\"encart-sev-navigation small carre\"><a href=\"https:\/\/www.mirabel-clostranquille.com\/de\/kontakt-camping-clos-tranquille\/\" class=\"d-flex flex-column align-items-center\"><div class=\"encart-title\"><span>Kontakt<\/span><\/div><div class=\"vague\"><\/div><img decoding=\"async\" src=\"https:\/\/www.mirabel-clostranquille.com\/wp-content\/uploads\/2022\/11\/3A6A0130-1.jpg\" alt=\"Kontakt\"\/><div class=\"ligne\"><\/div><div class=\"hover\"><\/div><\/a><\/aside><\/div>\n<\/div>\n\n\n\n<div class=\"wp-block-column is-vertically-aligned-center is-layout-flow wp-block-column-is-layout-flow\">\n<div class=\"wp-block-create-block-sevgutenberg-navigation\"><aside class=\"encart-sev-navigation small carre\"><a href=\"https:\/\/www.mirabel-clostranquille.com\/de\/sport-freizeit\/\" class=\"d-flex flex-column align-items-center\"><div class=\"encart-title\"><span>Einrichtungen und Freizeit<\/span><\/div><div class=\"vague\"><\/div><img decoding=\"async\" src=\"https:\/\/www.mirabel-clostranquille.com\/wp-content\/uploads\/2022\/11\/balancoire-enfant-jeu.jpg\" alt=\"kinderspielplatz le clos tranquille\"\/><div class=\"ligne\"><\/div><div class=\"hover\"><\/div><\/a><\/aside><\/div>\n<\/div>\n\n\n\n<div class=\"wp-block-column is-layout-flow wp-block-column-is-layout-flow\"><\/div>\n<\/div>","protected":false},"excerpt":{"rendered":"<p>Saint-Cast-le-Guildo \u00e0 la pointe de la presqu\u2019\u00eele de la C\u00f4te d\u2019\u00c9meraude Le camping Le Clos Tranquille se situe dans la [&hellip;]<\/p>\n","protected":false},"author":1,"featured_media":0,"parent":0,"menu_order":0,"comment_status":"closed","ping_status":"closed","template":"","meta":{"_seopress_robots_primary_cat":"","_seopress_titles_title":"Camping \u00e0 Saint-Cast-le-Guildo dans les Cotes d\u2019Armor","_seopress_titles_desc":"Plages et criques de sable fin \u00e0 Saint Cast le Guildo pr\u00e8s du camping Le Clos Tranquille (C\u00f4tes d'Armor 22)","_seopress_robots_index":"","footnotes":""},"class_list":["post-69","page","type-page","status-publish","hentry"],"_links":{"self":[{"href":"https:\/\/www.mirabel-clostranquille.com\/de\/wp-json\/wp\/v2\/pages\/69","targetHints":{"allow":["GET"]}}],"collection":[{"href":"https:\/\/www.mirabel-clostranquille.com\/de\/wp-json\/wp\/v2\/pages"}],"about":[{"href":"https:\/\/www.mirabel-clostranquille.com\/de\/wp-json\/wp\/v2\/types\/page"}],"author":[{"embeddable":true,"href":"https:\/\/www.mirabel-clostranquille.com\/de\/wp-json\/wp\/v2\/users\/1"}],"replies":[{"embeddable":true,"href":"https:\/\/www.mirabel-clostranquille.com\/de\/wp-json\/wp\/v2\/comments?post=69"}],"version-history":[{"count":12,"href":"https:\/\/www.mirabel-clostranquille.com\/de\/wp-json\/wp\/v2\/pages\/69\/revisions"}],"predecessor-version":[{"id":10393,"href":"https:\/\/www.mirabel-clostranquille.com\/de\/wp-json\/wp\/v2\/pages\/69\/revisions\/10393"}],"wp:attachment":[{"href":"https:\/\/www.mirabel-clostranquille.com\/de\/wp-json\/wp\/v2\/media?parent=69"}],"curies":[{"name":"wp","href":"https:\/\/api.w.org\/{rel}","templated":true}]}}