{"id":889,"date":"2021-12-20T11:10:21","date_gmt":"2021-12-20T10:10:21","guid":{"rendered":"https:\/\/www.campinglarenaudiere.com\/?page_id=889"},"modified":"2024-04-05T15:48:05","modified_gmt":"2024-04-05T13:48:05","slug":"bretonischer-tag","status":"publish","type":"page","link":"https:\/\/www.mirabel-clostranquille.com\/de\/les-experiences\/journee-bretonne\/","title":{"rendered":"Ein bretonischer Tag"},"content":{"rendered":"<figure class=\"wp-block-image alignright size-full is-resized\"><img decoding=\"async\" src=\"https:\/\/www.campinglarenaudiere.com\/wp-content\/uploads\/2021\/12\/Smile.png\" alt=\"praktischer Smile\" class=\"wp-image-1947\" style=\"width:160px;height:107px\"\/><\/figure>\n\n\n\n<h1 class=\"wp-block-heading\" id=\"vivez-l-experience-loire-atlantique-en-famille\"><strong>Einen Tag lang in rein bretonischer Tradition leben<\/strong><\/h1>\n\n\n\n<p class=\"has-text-align-center\">Wenn Sie die Bretagne f\u00fcr Ihren Urlaub gew\u00e4hlt haben, dann vielleicht, weil Sie ein Faible f\u00fcr keltische Musik oder bretonische Cr\u00eapes haben! Und wenn Sie sie noch nicht kennen, haben wir f\u00fcr Sie ein typisch bretonisches Programm zusammengestellt.<\/p>\n\n\n\n<figure class=\"wp-block-image aligncenter size-full\"><img decoding=\"async\" src=\"https:\/\/www.campinglarenaudiere.com\/wp-content\/uploads\/2022\/01\/barre-bleue.png\" alt=\"\" class=\"wp-image-2382\"\/><\/figure>\n\n\n\n<div style=\"height:14px\" aria-hidden=\"true\" class=\"wp-block-spacer\"><\/div>\n\n\n\n<div class=\"wp-block-media-text alignwide is-stacked-on-mobile is-image-fill animate left\"><figure class=\"wp-block-media-text__media\" style=\"background-image:url(https:\/\/www.mirabel-clostranquille.com\/wp-content\/uploads\/2022\/11\/1-petit-dej-breton-crtb-DERENNES-Yannick-1024x683.jpg);background-position:50% 50%\"><a href=\"https:\/\/www.mirabel-clostranquille.com\/wp-content\/uploads\/2022\/11\/1-petit-dej-breton-crtb-DERENNES-Yannick.jpg\"><img loading=\"lazy\" decoding=\"async\" width=\"1024\" height=\"683\" src=\"https:\/\/www.mirabel-clostranquille.com\/wp-content\/uploads\/2022\/11\/1-petit-dej-breton-crtb-DERENNES-Yannick-1024x683.jpg\" alt=\"\" class=\"wp-image-7037 size-full\" srcset=\"https:\/\/www.mirabel-clostranquille.com\/wp-content\/uploads\/2022\/11\/1-petit-dej-breton-crtb-DERENNES-Yannick-1024x683.jpg 1024w, https:\/\/www.mirabel-clostranquille.com\/wp-content\/uploads\/2022\/11\/1-petit-dej-breton-crtb-DERENNES-Yannick-300x200.jpg 300w, https:\/\/www.mirabel-clostranquille.com\/wp-content\/uploads\/2022\/11\/1-petit-dej-breton-crtb-DERENNES-Yannick-768x512.jpg 768w, https:\/\/www.mirabel-clostranquille.com\/wp-content\/uploads\/2022\/11\/1-petit-dej-breton-crtb-DERENNES-Yannick.jpg 1200w\" sizes=\"auto, (max-width: 1024px) 100vw, 1024px\" \/><\/a><\/figure><div class=\"wp-block-media-text__content\">\n<p class=\"has-text-align-left texte-rond has-orange-color has-text-color has-large-font-size\">Bretonisches Fr\u00fchst\u00fcck<\/p>\n\n\n\n<p>Am fr\u00fchen Morgen beginnen wir damit, unsere Sinne bei einem Fr\u00fchst\u00fcck mit einigen regionalen Spezialit\u00e4ten zu wecken. Allein der Gedanke daran l\u00e4uft uns das Wasser im Mund zusammen! Die Bretonen sind Genie\u00dfer, hier wird nicht gespart und ein reich gedeckter Tisch f\u00fcr einen geselligen Moment vorbereitet.<\/p>\n\n\n\n<p>Kleine Liste der bretonischen Fr\u00fchst\u00fccksklassiker:<\/p>\n\n\n\n<ul class=\"wp-block-list\">\n<li>lesen <strong>Pfannkuchen<\/strong>,<\/li>\n\n\n\n<li>die <strong>Bretonischer Palet<\/strong>, kleines knackiges und br\u00f6ckeliges Geb\u00e4ck<\/li>\n\n\n\n<li>lesen <strong>Sabl\u00e9s bretons<\/strong>, kleiner knuspriger Shortbread-Keks mit gutem gesalzenem Buttergeschmack<\/li>\n\n\n\n<li>die Brioche oder\u00ab&nbsp;<strong>Einf\u00fcgen<\/strong>&nbsp;\u00bb<\/li>\n\n\n\n<li>die <strong>Gef\u00fcllter Kuchen aus der Bretagne<\/strong>, ber\u00fchmter Pflaumen-Vanillepudding<\/li>\n\n\n\n<li>die <strong>Kouign-Amann<\/strong>, eine Art Bl\u00e4tterteig mit Butter und karamellisiertem Zucker<\/li>\n\n\n\n<li>die <strong>Karamell mit gesalzenem Butter<\/strong>, unverzichtbar auf Cr\u00eapes!<\/li>\n\n\n\n<li>die <strong>halbfeste Butter<\/strong> f\u00fcr eine Scheibe Brot mit Butter<\/li>\n<\/ul>\n\n\n\n<p>Finden Sie einige dieser K\u00f6stlichkeiten bei\u2019<a href=\"https:\/\/www.mirabel-clostranquille.com\/de\/campingdienste\/\" data-type=\"page\" data-id=\"48\">Camping-Lebensmittelgesch\u00e4ft,<\/a> und f\u00fcr die vollst\u00e4ndige Liste gehen Sie zur B\u00e4ckerei von <strong>Notre-Dame-du-Guildo<\/strong> oder Matignon und Saint-Cast.<\/p>\n<\/div><\/div>\n\n\n\n<div style=\"height:30px\" aria-hidden=\"true\" class=\"wp-block-spacer\"><\/div>\n\n\n\n<div class=\"wp-block-media-text alignwide has-media-on-the-right is-stacked-on-mobile is-image-fill front-page-section grey animate right\"><div class=\"wp-block-media-text__content\">\n<h2 class=\"wp-block-heading\"><strong>Bretonische Legenden<\/strong><\/h2>\n\n\n\n<figure class=\"wp-block-image size-full\"><img decoding=\"async\" src=\"https:\/\/www.mirabel-mielles.com\/wp-content\/uploads\/2022\/09\/barre-bleue.png\" alt=\"\" class=\"wp-image-5969\"\/><\/figure>\n\n\n\n<p>Nach diesem herzhaften Fr\u00fchst\u00fcck gibt es nichts Besseres als einen guten Spaziergang, um Kalorien zu verbrennen und nach den \u00ab&nbsp;<strong>Glockenspiel&nbsp;<\/strong>\u00bb. Am Anfang der<a href=\"https:\/\/www.mirabel-clostranquille.com\/de\/\" data-type=\"page\" data-id=\"9\"> Campingplatz<\/a>, begeben Sie sich zum Strand von 4 Vaulx, um den Z\u00f6llnerpfad (GR34) in Richtung des Hafens von Guildo zu nehmen. Sie werden begeistert sein von dem, was Sie sehen und h\u00f6ren werden! Sie k\u00f6nnen bereits das herrliche Panorama auf <strong>die Bucht von Arguenon<\/strong> und die Inselgruppe Ebihens vor dem Strand. Danach machen Sie einen 3 km langen Spaziergang entlang der Klippen auf einem baumges\u00e4umten Weg. Wenn die Sonne sich zeigt, haben Sie Gl\u00fcck, die smaragdgr\u00fcne Farbe zu sehen, die unserer K\u00fcste ihren Namen gibt. Eine wohlverdiente Pause erwartet Sie auf dem Gel\u00e4nde der Pierres Sonnantes!<\/p>\n\n\n\n<p>Les pierres sont \u00e9parpill\u00e9es sur la plage au <strong>Gemarkung Goule d\u2019Enfer<\/strong><strong>, ihr Name<\/strong> sind sie deshalb genannt, weil sie klingen, wenn man sie mit einem anderen Stein schl\u00e4gt. Dieses metallische Ger\u00e4usch, wie ein <strong>kleines Glockenspiel<\/strong> begeistert Kinder wie Eltern.<\/p>\n\n\n\n<p>Wie viele bretonische Steine, <strong>die klingenden Steine sind <\/strong><strong>verbunden mit einer Legende<\/strong>. Hier beziehen sie sich auf Gargantua, der einen Teil seines Lebens in der Bretagne verbracht und Spuren hinterlassen haben soll. Die Legende besagt, dass diese Steine von einer Verdauungsst\u00f6rung Gargantuas herr\u00fchren, der diese Steine verschluckt und dann wieder erbrochen haben soll.<\/p>\n\n\n\n<p>Das Wandern entlang des GR34 ist der beste Weg, um die bretonische K\u00fcste und einige ihrer Geheimnisse zu entdecken oder wiederzuentdecken. Denken Sie daran, gute Wanderschuhe mitzunehmen, da der Weg stellenweise ziemlich steil ist.<\/p>\n\n\n\n<p>Finden Sie weitere Routen <a href=\"https:\/\/www.tourismebretagne.com\/selon-mes-envies\/culture-et-patrimoine-de-bretagne\/les-grands-evenements\/\" target=\"_blank\" rel=\"noreferrer noopener\">hier<\/a><\/p>\n<\/div><figure class=\"wp-block-media-text__media\" style=\"background-image:url(https:\/\/www.mirabel-clostranquille.com\/wp-content\/uploads\/2022\/11\/2-Pierres_sonnantes_du_Guildo-1024x576.jpg);background-position:50% 50%\"><a href=\"https:\/\/www.mirabel-clostranquille.com\/wp-content\/uploads\/2022\/11\/2-Pierres_sonnantes_du_Guildo.jpg\"><img loading=\"lazy\" decoding=\"async\" width=\"1024\" height=\"576\" src=\"https:\/\/www.mirabel-clostranquille.com\/wp-content\/uploads\/2022\/11\/2-Pierres_sonnantes_du_Guildo-1024x576.jpg\" alt=\"\" class=\"wp-image-7041 size-full\" srcset=\"https:\/\/www.mirabel-clostranquille.com\/wp-content\/uploads\/2022\/11\/2-Pierres_sonnantes_du_Guildo-1024x576.jpg 1024w, https:\/\/www.mirabel-clostranquille.com\/wp-content\/uploads\/2022\/11\/2-Pierres_sonnantes_du_Guildo-300x169.jpg 300w, https:\/\/www.mirabel-clostranquille.com\/wp-content\/uploads\/2022\/11\/2-Pierres_sonnantes_du_Guildo-768x432.jpg 768w, https:\/\/www.mirabel-clostranquille.com\/wp-content\/uploads\/2022\/11\/2-Pierres_sonnantes_du_Guildo.jpg 1200w\" sizes=\"auto, (max-width: 1024px) 100vw, 1024px\" \/><\/a><\/figure><\/div>\n\n\n\n<div style=\"height:30px\" aria-hidden=\"true\" class=\"wp-block-spacer\"><\/div>\n\n\n\n<div class=\"wp-block-media-text alignwide is-stacked-on-mobile is-image-fill animate left\"><figure class=\"wp-block-media-text__media\" style=\"background-image:url(https:\/\/www.mirabel-clostranquille.com\/wp-content\/uploads\/2022\/11\/3-camping-jeu-palet-breton-1024x683.jpg);background-position:31% 47%\"><img loading=\"lazy\" decoding=\"async\" width=\"1024\" height=\"683\" src=\"https:\/\/www.mirabel-clostranquille.com\/wp-content\/uploads\/2022\/11\/3-camping-jeu-palet-breton-1024x683.jpg\" alt=\"\" class=\"wp-image-7045 size-full\" srcset=\"https:\/\/www.mirabel-clostranquille.com\/wp-content\/uploads\/2022\/11\/3-camping-jeu-palet-breton-1024x683.jpg 1024w, https:\/\/www.mirabel-clostranquille.com\/wp-content\/uploads\/2022\/11\/3-camping-jeu-palet-breton-300x200.jpg 300w, https:\/\/www.mirabel-clostranquille.com\/wp-content\/uploads\/2022\/11\/3-camping-jeu-palet-breton-768x512.jpg 768w, https:\/\/www.mirabel-clostranquille.com\/wp-content\/uploads\/2022\/11\/3-camping-jeu-palet-breton.jpg 1200w\" sizes=\"auto, (max-width: 1024px) 100vw, 1024px\" \/><\/figure><div class=\"wp-block-media-text__content\">\n<h2 class=\"wp-block-heading\" id=\"tous-a-la-mer\"><strong>Brettspiel des bretonischen Paddels<\/strong><\/h2>\n\n\n\n<figure class=\"wp-block-image size-full\"><img decoding=\"async\" src=\"https:\/\/www.campinglarenaudiere.com\/wp-content\/uploads\/2022\/01\/barre-bleue.png\" alt=\"\" class=\"wp-image-2382\"\/><\/figure>\n\n\n\n<p>F\u00fcr einen Spielenachmittag in bretonischer Atmosph\u00e4re w\u00e4hlen Sie Ihr Spielfeld auf einer Gr\u00fcnfl\u00e4che. Legen Sie das Holzbrett auf den Boden, verteilen Sie <strong>4 Gusseisen-Paletten pro Spieler<\/strong> und es geht los mit ein paar Stunden festlichem Wettbewerb mit Familie und Freunden. Das Spiel ist einfach, man muss <strong>seine Scheiben dem \u00abkleinen\u00bb Meister so nah wie m\u00f6glich zu werfen. <\/strong>Eine Palette, die am Boden liegt oder den Boden ber\u00fchrt hat, bevor sie auf das Brett gelangt, ist ung\u00fcltig und muss entfernt werden. Wenn ein Spieler den Meister vom Brett st\u00f6\u00dft, ist die Partie annulliert. Ein echtes Geschicklichkeits- und Teamspiel, das Jung und Alt begeistern wird.<\/p>\n\n\n\n<p class=\"texte-rond has-orange-color has-text-color has-large-font-size\">Die Spielregeln:<\/p>\n\n\n\n<ul class=\"wp-block-list\">\n<li>Legen Sie das kleine Objekt auf das Brett und platzieren Sie die Teams 5 Meter vom Brett entfernt. Jedes Team wirft einen Puck und die Mannschaft, deren Puck dem Master Puck am n\u00e4chsten ist, beginnt das Spiel.<\/li>\n\n\n\n<li>Die erste Mannschaft nimmt den kleinen Ball und hat drei Versuche, ihn auf die Holzplatte zu werfen und zu platzieren. Wenn es ihnen nicht gelingt, versuchen die anderen Mannschaften ihr Gl\u00fcck. Die Mannschaft, der es gelingt, den Master auf der Platte zu platzieren, wirft dann 1 P\u00f6ppel.<\/li>\n\n\n\n<li>Ein Team wirft Scheiben, bis es den Punkt zur\u00fcckgewinnt.<\/li>\n\n\n\n<li>Wenn alle Steine gespielt sind, gewinnt der Spieler (oder die Mannschaft), dessen Stein dem Master am n\u00e4chsten liegt. Jeder Stein, der sich zwischen dem Master und dem ersten Stein der gegnerischen Mannschaft befindet, bringt 1 Punkt.<\/li>\n\n\n\n<li>Ein Satz wird bis 12 Punkte gespielt, die Verl\u00e4ngerung bis 15 Punkte.<\/li>\n<\/ul>\n\n\n\n<p>F\u00fcr Puristen, hier sind die<a href=\"https:\/\/www.palet-bzh.fr\/regles-du-jeu.html\" target=\"_blank\" rel=\"noreferrer noopener\"> Regel<\/a><a href=\"https:\/\/palet-bzh.fr\/regles\/\" target=\"_blank\" rel=\"noreferrer noopener\">s<\/a><a href=\"https:\/\/www.palet-bzh.fr\/regles-du-jeu.html\" target=\"_blank\" rel=\"noreferrer noopener\"> du Spiels kommst<\/a> auf einer bzh-Seite nat\u00fcrlich<\/p>\n\n\n\n<p><br><\/p>\n<\/div><\/div>\n\n\n\n<div style=\"height:30px\" aria-hidden=\"true\" class=\"wp-block-spacer\"><\/div>\n\n\n\n<div class=\"wp-block-media-text alignwide has-media-on-the-right is-stacked-on-mobile is-image-fill front-page-section grey animate right\"><div class=\"wp-block-media-text__content\">\n<h2 class=\"wp-block-heading\"><strong>Schnupperkurs Bretonischer Tanz<\/strong><\/h2>\n\n\n\n<figure class=\"wp-block-image size-full\"><img decoding=\"async\" src=\"https:\/\/www.campinglarenaudiere.com\/wp-content\/uploads\/2022\/01\/barre-bleue.png\" alt=\"\" class=\"wp-image-2382\"\/><\/figure>\n\n\n\n<p>Wir beenden den Tag mit Musik mit dem traditionellen <strong>Fest-noz<\/strong>&nbsp;Wenn Sie ein authentisches Erlebnis suchen, sind Sie hier genau richtig. Die Fest-noz finden das ganze Jahr \u00fcber und in der gesamten Bretagne statt. Dieses Fest, das einem \u00e4hnlichen Ereignis \u00e4hnelt <strong>Ball mit traditionellen T\u00e4nzen<\/strong> wurde in den 1950er Jahren in der Bretagne erfunden. J\u00e4hrlich finden etwa tausend Fest-Noz statt, bei denen Hunderte bis Tausende von Menschen zusammenkommen! Es ist das gesellige Fest, das <strong>alle Generationen vereinen<\/strong> rund um bretonische Volkst\u00e4nze, S\u00e4nger, Musiker und T\u00e4nzer. Gavotte, Larid\u00e9, An-dro oder Plinn ... seid ihr bereit, im Kreis im Rhythmus von zu tanzen <strong>Volksmusik<\/strong>&nbsp;?<\/p>\n\n\n\n<p>M\u00f6chten Sie noch mehr? Machen Sie Ihren Urlaub im Mai und nehmen Sie an der \u00abGouel Breizh\u00bb teil, <a href=\"https:\/\/www.tourismebretagne.com\/selon-mes-envies\/culture-et-patrimoine-de-bretagne\/les-grands-evenements\/fete-de-la-bretagne\/\" target=\"_blank\" rel=\"noreferrer noopener\">Das Bretagne-Fest<\/a><\/p>\n<\/div><figure class=\"wp-block-media-text__media\" style=\"background-image:url(https:\/\/www.mirabel-clostranquille.com\/wp-content\/uploads\/2022\/11\/4-fest-noz_LAMOUREUX-Alexandre-1024x683.jpg);background-position:50% 50%\"><img loading=\"lazy\" decoding=\"async\" width=\"1024\" height=\"683\" src=\"https:\/\/www.mirabel-clostranquille.com\/wp-content\/uploads\/2022\/11\/4-fest-noz_LAMOUREUX-Alexandre-1024x683.jpg\" alt=\"\" class=\"wp-image-7049 size-full\" srcset=\"https:\/\/www.mirabel-clostranquille.com\/wp-content\/uploads\/2022\/11\/4-fest-noz_LAMOUREUX-Alexandre-1024x683.jpg 1024w, https:\/\/www.mirabel-clostranquille.com\/wp-content\/uploads\/2022\/11\/4-fest-noz_LAMOUREUX-Alexandre-300x200.jpg 300w, https:\/\/www.mirabel-clostranquille.com\/wp-content\/uploads\/2022\/11\/4-fest-noz_LAMOUREUX-Alexandre-768x512.jpg 768w, https:\/\/www.mirabel-clostranquille.com\/wp-content\/uploads\/2022\/11\/4-fest-noz_LAMOUREUX-Alexandre.jpg 1200w\" sizes=\"auto, (max-width: 1024px) 100vw, 1024px\" \/><\/figure><\/div>\n\n\n\n<div style=\"height:10px\" aria-hidden=\"true\" class=\"wp-block-spacer\"><\/div>\n\n\n\n<p class=\"has-text-align-center texte-rond has-orange-color has-text-color has-large-font-size\">Andere Erfahrungen <\/p>\n\n\n\n<div style=\"height:15px\" aria-hidden=\"true\" class=\"wp-block-spacer\"><\/div>\n\n\n\n<div class=\"wp-block-create-block-sevgutenberg-navigation aligncenter front-page-section grey\"><aside class=\"encart-sev-navigation small carre\"><a href=\"https:\/\/www.mirabel-clostranquille.com\/de\/die-erfahrungen\/experience-kinder-urlaub\/\" class=\"d-flex flex-column align-items-center\"><div class=\"encart-title\"><span>Kinder im Urlaub<\/span><\/div><div class=\"vague\"><\/div><img decoding=\"async\" src=\"https:\/\/www.mirabel-clostranquille.com\/wp-content\/uploads\/2022\/11\/header-enfants-vacances.jpg\" alt=\"erfahrung kinder im urlaub\"\/><div class=\"ligne\"><\/div><div class=\"hover\"><\/div><\/a><\/aside><\/div>","protected":false},"excerpt":{"rendered":"<p>Vivre une journ\u00e9e dans la pure tradition Bretonne Si vous avez choisi la Bretagne pour vos vacances, c\u2019est que vous [&hellip;]<\/p>\n","protected":false},"author":1,"featured_media":0,"parent":272,"menu_order":0,"comment_status":"closed","ping_status":"closed","template":"","meta":{"_seopress_robots_primary_cat":"","_seopress_titles_title":"Passez une journ\u00e9e 100% bretonne","_seopress_titles_desc":"D\u00e9couvrez la Bretagne et ses coutumes le temps d'une journ\u00e9e en famille ou entre amis.","_seopress_robots_index":"","footnotes":""},"class_list":["post-889","page","type-page","status-publish","hentry"],"_links":{"self":[{"href":"https:\/\/www.mirabel-clostranquille.com\/de\/wp-json\/wp\/v2\/pages\/889","targetHints":{"allow":["GET"]}}],"collection":[{"href":"https:\/\/www.mirabel-clostranquille.com\/de\/wp-json\/wp\/v2\/pages"}],"about":[{"href":"https:\/\/www.mirabel-clostranquille.com\/de\/wp-json\/wp\/v2\/types\/page"}],"author":[{"embeddable":true,"href":"https:\/\/www.mirabel-clostranquille.com\/de\/wp-json\/wp\/v2\/users\/1"}],"replies":[{"embeddable":true,"href":"https:\/\/www.mirabel-clostranquille.com\/de\/wp-json\/wp\/v2\/comments?post=889"}],"version-history":[{"count":14,"href":"https:\/\/www.mirabel-clostranquille.com\/de\/wp-json\/wp\/v2\/pages\/889\/revisions"}],"predecessor-version":[{"id":10120,"href":"https:\/\/www.mirabel-clostranquille.com\/de\/wp-json\/wp\/v2\/pages\/889\/revisions\/10120"}],"up":[{"embeddable":true,"href":"https:\/\/www.mirabel-clostranquille.com\/de\/wp-json\/wp\/v2\/pages\/272"}],"wp:attachment":[{"href":"https:\/\/www.mirabel-clostranquille.com\/de\/wp-json\/wp\/v2\/media?parent=889"}],"curies":[{"name":"wp","href":"https:\/\/api.w.org\/{rel}","templated":true}]}}