{"id":895,"date":"2021-12-20T11:14:26","date_gmt":"2021-12-20T10:14:26","guid":{"rendered":"https:\/\/www.campinglarenaudiere.com\/?page_id=895"},"modified":"2024-04-05T16:21:02","modified_gmt":"2024-04-05T14:21:02","slug":"experience-kinder-urlaub","status":"publish","type":"page","link":"https:\/\/www.mirabel-clostranquille.com\/de\/les-experiences\/experience-enfants-vacances\/","title":{"rendered":"Kinder im Urlaub"},"content":{"rendered":"<figure class=\"wp-block-image alignright size-full is-resized\"><img decoding=\"async\" src=\"https:\/\/www.campinglarenaudiere.com\/wp-content\/uploads\/2022\/01\/Soleil.png\" alt=\"Sonne\" class=\"wp-image-1883\" style=\"width:160px;height:146px\"\/><\/figure>\n\n\n\n<h1 class=\"wp-block-heading\" id=\"a-la-decouverte-de-la-cote-de-jade-a-velo\"><strong>Ideen, wie man Kinder in den Ferien besch\u00e4ftigen kann<\/strong><\/h1>\n\n\n\n<p class=\"has-text-align-center\">Sie machen mit Ihren Kindern Urlaub in Saint-Cast-le-Guildo? Wir haben f\u00fcr Sie eine Auswahl an aktuellen Aktivit\u00e4ten f\u00fcr Kinder zwischen 5 und 12 Jahren in der Umgebung des Campingplatzes zusammengestellt.<\/p>\n\n\n\n<figure class=\"wp-block-image aligncenter size-full\"><img decoding=\"async\" src=\"https:\/\/www.campinglarenaudiere.com\/wp-content\/uploads\/2022\/01\/barre-bleue.png\" alt=\"\" class=\"wp-image-2382\"\/><\/figure>\n\n\n\n<div style=\"height:14px\" aria-hidden=\"true\" class=\"wp-block-spacer\"><\/div>\n\n\n\n<div class=\"wp-block-media-text alignwide is-stacked-on-mobile is-image-fill animate left\"><figure class=\"wp-block-media-text__media\" style=\"background-image:url(https:\/\/www.mirabel-clostranquille.com\/wp-content\/uploads\/2022\/11\/1-children-participating-in-treasure-hunt-in-forest-1024x681.jpg);background-position:17% 57%\"><a href=\"https:\/\/www.mirabel-clostranquille.com\/wp-content\/uploads\/2022\/11\/1-children-participating-in-treasure-hunt-in-forest.jpg\"><img loading=\"lazy\" decoding=\"async\" width=\"1024\" height=\"681\" src=\"https:\/\/www.mirabel-clostranquille.com\/wp-content\/uploads\/2022\/11\/1-children-participating-in-treasure-hunt-in-forest-1024x681.jpg\" alt=\"\" class=\"wp-image-7055 size-full\" srcset=\"https:\/\/www.mirabel-clostranquille.com\/wp-content\/uploads\/2022\/11\/1-children-participating-in-treasure-hunt-in-forest-1024x681.jpg 1024w, https:\/\/www.mirabel-clostranquille.com\/wp-content\/uploads\/2022\/11\/1-children-participating-in-treasure-hunt-in-forest-300x200.jpg 300w, https:\/\/www.mirabel-clostranquille.com\/wp-content\/uploads\/2022\/11\/1-children-participating-in-treasure-hunt-in-forest-768x511.jpg 768w, https:\/\/www.mirabel-clostranquille.com\/wp-content\/uploads\/2022\/11\/1-children-participating-in-treasure-hunt-in-forest.jpg 1200w\" sizes=\"auto, (max-width: 1024px) 100vw, 1024px\" \/><\/a><\/figure><div class=\"wp-block-media-text__content\">\n<h2 class=\"wp-block-heading has-medium-font-size\"><strong><strong>Schatzsuchen<\/strong><\/strong><\/h2>\n\n\n\n<figure class=\"wp-block-image size-full\"><img decoding=\"async\" src=\"https:\/\/www.campinglarenaudiere.com\/wp-content\/uploads\/2022\/01\/barre-bleue.png\" alt=\"\" class=\"wp-image-2382\"\/><\/figure>\n\n\n\n<p>Das ist seit Juli 2022 neu in Saint-Cast und wir wissen genau, dass Kinder (von 2 bis 99 Jahren) es lieben! Wer kann schon nein sagen zu einem <strong>neues Abenteuer f\u00fcr die ganze Familie <\/strong>w\u00e4hrend der Ferien? Die Schatzsuche ist eine originelle und spielerische Art, das Kulturerbe von Saint-Cast, Quiou oder auch Corseul zu entdecken. Werden Sie also bereit sein, die Herausforderung anzunehmen und die R\u00e4tsel zu l\u00f6sen? Mit ein wenig Neugier und Geschick werden Sie es schaffen, die Codes zu finden, mit denen Sie die Vorh\u00e4ngeschl\u00f6sser des Tresors \u00f6ffnen k\u00f6nnen.<\/p>\n\n\n\n<p>Das Fremdenverkehrsamt Dinan-Cap Fr\u00e9hel hat 3 Kits f\u00fcr die Abreise zusammengestellt <strong>auf der Suche nach vergessenen Sch\u00e4tzen<\/strong>. Alles ist vorhanden: ein Plan, Spielkarten und Zubeh\u00f6r in einem kleinen Rucksack, um Detektivlehrling zu spielen.<\/p>\n\n\n\n<div class=\"wp-block-group card p-4 is-layout-constrained wp-block-group-is-layout-constrained\">\n<p class=\"texte-rond has-orange-color has-text-color has-large-font-size\">3 Missionen<\/p>\n\n\n\n<p><mark style=\"background-color:rgba(0, 0, 0, 0)\" class=\"has-inline-color has-orange-color\"><strong>\u2022<\/strong><\/mark> <strong>Auf der Suche nach Alfreds Schatz<\/strong> - Saint-Cast-le-Guildo: Sie werden 2-3 Stunden brauchen, um Saint-Cast anhand des von Alfred hinterlassenen Briefes zu erkunden und schlie\u00dflich die Schatztruhe zu heben.<\/p>\n\n\n\n<p><strong><mark style=\"background-color:rgba(0, 0, 0, 0)\" class=\"has-inline-color has-orange-color\">\u2022<\/mark><\/strong> <strong>Der Schatz der Faluns <\/strong>- Le Quiou: Rechnen Sie mit 2,5 bis 3 Stunden Brainstorming, um der 10-j\u00e4hrigen Eug\u00e9nie, einem Samenkorn f\u00fcr Arch\u00e4ologen, dabei zu helfen, den vergessenen Schatz ihres Urgro\u00dfvaters zu heben.<\/p>\n\n\n\n<p><strong><mark style=\"background-color:rgba(0, 0, 0, 0)\" class=\"has-inline-color has-orange-color\">\u2022<\/mark><\/strong> <strong>Auf der Jagd nach dem versteckten Schl\u00fcssel<\/strong>&nbsp;- Corseul: Diesmal ist es ein Schl\u00fcssel, den Sie mithilfe eines Plans finden m\u00fcssen. Laufen Sie durch die Stra\u00dfen der Stadt, um den Schl\u00fcssel zu finden, der die alte, verschlossene Truhe in Sybilles Haus \u00f6ffnet.<\/p>\n<\/div>\n\n\n\n<div style=\"height:30px\" aria-hidden=\"true\" class=\"wp-block-spacer\"><\/div>\n\n\n\n<p><strong>Wo Sie das Set finden<\/strong>&nbsp;<strong>?<\/strong><\/p>\n\n\n\n<p>Die Tasche mit dem Zubeh\u00f6r der <strong>3 Suchspiele <\/strong>ist f\u00fcr 22\u20ac (f\u00fcr 5 Personen) erh\u00e4ltlich in<a href=\"https:\/\/www.dinan-capfrehel.com\/experiences\/pour-les-curieux\/chasse-aux-tresors-en-bretagne\/\" target=\"_blank\" rel=\"noreferrer noopener\"> die Fremdenverkehrsb\u00fcros von Saint-Cast-le-Guildo, Fr\u00e9hel, Saint-Jacut-de-la-Mer und Dinan in der Bretagne<\/a>.<\/p>\n<\/div><\/div>\n\n\n\n<div style=\"height:14px\" aria-hidden=\"true\" class=\"wp-block-spacer\"><\/div>\n\n\n\n<div class=\"wp-block-media-text alignwide has-media-on-the-right is-stacked-on-mobile is-image-fill front-page-section grey animate right\"><div class=\"wp-block-media-text__content\">\n<h2 class=\"wp-block-heading\">Das Leben der Bauern im Jahr 1924 kennenlernen oder wiederentdecken<\/h2>\n\n\n\n<figure class=\"wp-block-image size-full\"><img loading=\"lazy\" decoding=\"async\" width=\"50\" height=\"8\" src=\"https:\/\/www.mirabel-clostranquille.com\/wp-content\/uploads\/2022\/11\/barre-bleue.png\" alt=\"\" class=\"wp-image-7801\"\/><\/figure>\n\n\n\n<p>Wir setzen das Abenteuer mit einer der Animationen fort, die von der\u2019<strong>Ecomus\u00e9e de la Ferme d'Antan (\u00d6komuseum) <\/strong>in Pl\u00e9d\u00e9liac zu besuchen. W\u00e4hrend der Ferien organisiert der Bauernhof einmal pro Woche eine Schnitzeljagd f\u00fcr die ganze Familie. Eine der Gelegenheiten, diesen Ort au\u00dferhalb der Zeit, die Schmiede, den Brotofen, den Lehrgarten und die Tiere des Bauernhofs zu besichtigen. <strong>\u201cAber eyou q'c'\u00e9t-ti, dass Vater Gaston seinen Schatz versteckt hat?\u201d<\/strong> Gaston hat einen handgeschriebenen Brief hinterlassen, in dem er von einem Schatz spricht ... Entdecken Sie die Welt einer Familie aus drei Generationen, mitten auf dem Bauernhof, in einer authentischen Atmosph\u00e4re. Hier k\u00f6nnen sich die Kinder <strong>in die Haut eines Bauern Anfang des 20. Jahrhunderts schl\u00fcpfen<\/strong>&nbsp;und nehmen Sie an den Animationen teil, um Korn zu mahlen, ein Schulkind von fr\u00fcher zu werden oder auf Pilzjagd zu gehen!<\/p>\n\n\n\n<div class=\"wp-block-group card p-4 is-layout-constrained wp-block-group-is-layout-constrained\">\n<p class=\"texte-rond has-orange-color has-text-color has-large-font-size\">Praxis<\/p>\n\n\n\n<p><strong><mark style=\"background-color:rgba(0, 0, 0, 0)\" class=\"has-inline-color has-orange-color\">\u2022<\/mark><\/strong> Finden Sie die passende Animation auf<a href=\"https:\/\/www.ferme-dantan22.com\/\" target=\"_blank\" rel=\"noreferrer noopener\"> <strong>die Agenda der Ferme d'Antan<\/strong><\/a><\/p>\n\n\n\n<p><strong><mark style=\"background-color:rgba(0, 0, 0, 0)\" class=\"has-inline-color has-orange-color\">\u2022<\/mark><\/strong> Preise: 4\u20ac Kinder von 4 bis 12 Jahren - 6.50\u20ac Erwachsene - Aufschlag von 2\u20ac pro Animation<\/p>\n\n\n\n<p><strong><mark style=\"background-color:rgba(0, 0, 0, 0)\" class=\"has-inline-color has-orange-color\">\u2022<\/mark><\/strong> Ge\u00f6ffnet von April bis September und Allerheiligenferien<\/p>\n<\/div>\n\n\n\n<div style=\"height:30px\" aria-hidden=\"true\" class=\"wp-block-spacer\"><\/div>\n\n\n\n<p>Wir wollten Ihnen diese einzigartigen Erlebnisse zeigen, die hoffentlich zu sch\u00f6nen Urlaubserinnerungen f\u00fcr Ihre Kinder werden. Viele weitere Ideen f\u00fcr Aktivit\u00e4ten und Besichtigungen finden Sie auf<a href=\"https:\/\/mcusercontent.com\/fbd45327990f1164ae0b3e26a\/files\/8afabace-a5fd-4e44-8741-0b4c481d89dd\/Guide_des_M\u00f4mes_2021_interactive.01.pdf\" target=\"_blank\" rel=\"noreferrer noopener\"> <strong>der Guide des M\u00f4mes<\/strong><\/a> des Reiseziels Dinan-Cap Fr\u00e9hel.<\/p>\n<\/div><figure class=\"wp-block-media-text__media\" style=\"background-image:url(https:\/\/www.mirabel-clostranquille.com\/wp-content\/uploads\/2022\/11\/2-visite-de-la-ferme-ecomusee-1024x768.jpg);background-position:50% 50%\"><a href=\"https:\/\/www.mirabel-clostranquille.com\/wp-content\/uploads\/2022\/11\/2-visite-de-la-ferme-ecomusee.jpg\"><img loading=\"lazy\" decoding=\"async\" width=\"1024\" height=\"768\" src=\"https:\/\/www.mirabel-clostranquille.com\/wp-content\/uploads\/2022\/11\/2-visite-de-la-ferme-ecomusee-1024x768.jpg\" alt=\"\" class=\"wp-image-7059 size-full\" srcset=\"https:\/\/www.mirabel-clostranquille.com\/wp-content\/uploads\/2022\/11\/2-visite-de-la-ferme-ecomusee-1024x768.jpg 1024w, https:\/\/www.mirabel-clostranquille.com\/wp-content\/uploads\/2022\/11\/2-visite-de-la-ferme-ecomusee-300x225.jpg 300w, https:\/\/www.mirabel-clostranquille.com\/wp-content\/uploads\/2022\/11\/2-visite-de-la-ferme-ecomusee-768x576.jpg 768w, https:\/\/www.mirabel-clostranquille.com\/wp-content\/uploads\/2022\/11\/2-visite-de-la-ferme-ecomusee.jpg 1200w\" sizes=\"auto, (max-width: 1024px) 100vw, 1024px\" \/><\/a><\/figure><\/div>\n\n\n\n<p class=\"has-text-align-center texte-rond has-orange-color has-text-color has-large-font-size\">Andere Erfahrungen <\/p>\n\n\n\n<div style=\"height:15px\" aria-hidden=\"true\" class=\"wp-block-spacer\"><\/div>\n\n\n\n<div class=\"wp-block-create-block-sevgutenberg-navigation aligncenter front-page-section grey\"><aside class=\"encart-sev-navigation small carre\"><a href=\"https:\/\/www.mirabel-clostranquille.com\/de\/die-erfahrungen\/bretonischer-tag\/\" class=\"d-flex flex-column align-items-center\"><div class=\"encart-title\"><span>Ein bretonischer Tag<\/span><\/div><div class=\"vague\"><\/div><img decoding=\"async\" src=\"https:\/\/www.mirabel-clostranquille.com\/wp-content\/uploads\/2022\/11\/header-journee-bretonne.jpg\" alt=\"erfahrung bretonischer tag\"\/><div class=\"ligne\"><\/div><div class=\"hover\"><\/div><\/a><\/aside><\/div>","protected":false},"excerpt":{"rendered":"<p>Des id\u00e9es pour occuper les enfants pendant les vacances Vous venez en vacances \u00e0 Saint-Cast-le-Guildo avec vos bambins&nbsp;? Nous avons [&hellip;]<\/p>\n","protected":false},"author":1,"featured_media":0,"parent":272,"menu_order":0,"comment_status":"closed","ping_status":"closed","template":"","meta":{"_seopress_robots_primary_cat":"","_seopress_titles_title":"Les enfants en vacances \u00e0 Saint Cast le Guildo","_seopress_titles_desc":"En s\u00e9journant au camping Le Clos Tranquille dans les C\u00f4tes d\u2019Armor, vous appr\u00e9cierez de passer une journ\u00e9e en famille o\u00f9 petits et grands pourront s'amuser.","_seopress_robots_index":"","footnotes":""},"class_list":["post-895","page","type-page","status-publish","hentry"],"_links":{"self":[{"href":"https:\/\/www.mirabel-clostranquille.com\/de\/wp-json\/wp\/v2\/pages\/895","targetHints":{"allow":["GET"]}}],"collection":[{"href":"https:\/\/www.mirabel-clostranquille.com\/de\/wp-json\/wp\/v2\/pages"}],"about":[{"href":"https:\/\/www.mirabel-clostranquille.com\/de\/wp-json\/wp\/v2\/types\/page"}],"author":[{"embeddable":true,"href":"https:\/\/www.mirabel-clostranquille.com\/de\/wp-json\/wp\/v2\/users\/1"}],"replies":[{"embeddable":true,"href":"https:\/\/www.mirabel-clostranquille.com\/de\/wp-json\/wp\/v2\/comments?post=895"}],"version-history":[{"count":13,"href":"https:\/\/www.mirabel-clostranquille.com\/de\/wp-json\/wp\/v2\/pages\/895\/revisions"}],"predecessor-version":[{"id":10146,"href":"https:\/\/www.mirabel-clostranquille.com\/de\/wp-json\/wp\/v2\/pages\/895\/revisions\/10146"}],"up":[{"embeddable":true,"href":"https:\/\/www.mirabel-clostranquille.com\/de\/wp-json\/wp\/v2\/pages\/272"}],"wp:attachment":[{"href":"https:\/\/www.mirabel-clostranquille.com\/de\/wp-json\/wp\/v2\/media?parent=895"}],"curies":[{"name":"wp","href":"https:\/\/api.w.org\/{rel}","templated":true}]}}