{"id":91,"date":"2021-12-10T14:33:25","date_gmt":"2021-12-10T13:33:25","guid":{"rendered":"https:\/\/www.campinglarenaudiere.com\/?page_id=91"},"modified":"2021-12-10T14:33:25","modified_gmt":"2021-12-10T13:33:25","slug":"sitemap","status":"publish","type":"page","link":"https:\/\/www.mirabel-clostranquille.com\/de\/plan-du-site\/","title":{"rendered":"Sitemap"},"content":{"rendered":"<h1 class=\"wp-block-heading\">Sitemap<\/h1>\n\n\n<h2>Seiten<\/h2>\t\t<article class=\"sevsitemap-entry\">\r\n\t\t\t\t\t\r\n\t\t\t<div class=\"title\">\r\n\t\t\t\t<a href=\"https:\/\/www.mirabel-clostranquille.com\/de\/acces-camping-saint-cast-le-guildo\/\">\r\n\t\t\t\t\tZugang\t\t\t\t<\/a>\r\n\t\t\t<\/div>\r\n\r\n\t\t<\/article>\r\n\t\t\t\t<article class=\"sevsitemap-entry\">\r\n\t\t\t\t\t\r\n\t\t\t<div class=\"title\">\r\n\t\t\t\t<a href=\"https:\/\/www.mirabel-clostranquille.com\/de\/\">\r\n\t\t\t\t\tStartseite\t\t\t\t<\/a>\r\n\t\t\t<\/div>\r\n\r\n\t\t<\/article>\r\n\t\t\t\t<article class=\"sevsitemap-entry\">\r\n\t\t\t\t\t\r\n\t\t\t<div class=\"title\">\r\n\t\t\t\t<a href=\"https:\/\/www.mirabel-clostranquille.com\/de\/avis-clients-clos-tranquille\/\">\r\n\t\t\t\t\tMeinungen\t\t\t\t<\/a>\r\n\t\t\t<\/div>\r\n\r\n\t\t<\/article>\r\n\t\t\t\t<article class=\"sevsitemap-entry\">\r\n\t\t\t\t\t\r\n\t\t\t<div class=\"title\">\r\n\t\t\t\t<a href=\"https:\/\/www.mirabel-clostranquille.com\/de\/contact-camping-clos-tranquille\/\">\r\n\t\t\t\t\tKontakt\t\t\t\t<\/a>\r\n\t\t\t<\/div>\r\n\r\n\t\t<\/article>\r\n\t\t\t\t<article class=\"sevsitemap-entry\">\r\n\t\t\t\t\t\r\n\t\t\t<div class=\"title\">\r\n\t\t\t\t<a href=\"https:\/\/www.mirabel-clostranquille.com\/de\/declaration-de-confidentialite-ue\/\">\r\n\t\t\t\t\tDatenschutzerkl\u00e4rung (EU)\t\t\t\t<\/a>\r\n\t\t\t<\/div>\r\n\r\n\t\t<\/article>\r\n\t\t\t\t<article class=\"sevsitemap-entry\">\r\n\t\t\t\t\t\r\n\t\t\t<div class=\"title\">\r\n\t\t\t\t<a href=\"https:\/\/www.mirabel-clostranquille.com\/de\/telechargements-documents-pdf\/\">\r\n\t\t\t\t\tN\u00fctzliche Dokumente\t\t\t\t<\/a>\r\n\t\t\t<\/div>\r\n\r\n\t\t<\/article>\r\n\t\t\t\t<article class=\"sevsitemap-entry\">\r\n\t\t\t\t\t\r\n\t\t\t<div class=\"title\">\r\n\t\t\t\t<a href=\"https:\/\/www.mirabel-clostranquille.com\/de\/editorial\/\">\r\n\t\t\t\t\tEditorial\t\t\t\t<\/a>\r\n\t\t\t<\/div>\r\n\r\n\t\t<\/article>\r\n\t\t\t\t<article class=\"sevsitemap-entry\">\r\n\t\t\t\t\t\r\n\t\t\t<div class=\"title\">\r\n\t\t\t\t<a href=\"https:\/\/www.mirabel-clostranquille.com\/de\/emplacements\/\">\r\n\t\t\t\t\tCampingpl\u00e4tze\t\t\t\t<\/a>\r\n\t\t\t<\/div>\r\n\r\n\t\t<\/article>\r\n\t\t\t\t<article class=\"sevsitemap-entry\">\r\n\t\t\t\t\t\r\n\t\t\t<div class=\"title\">\r\n\t\t\t\t<a href=\"https:\/\/www.mirabel-clostranquille.com\/de\/faq-clos-tranquille\/\">\r\n\t\t\t\t\tFAQ\t\t\t\t<\/a>\r\n\t\t\t<\/div>\r\n\r\n\t\t<\/article>\r\n\t\t\t\t<article class=\"sevsitemap-entry\">\r\n\t\t\t\t\t\r\n\t\t\t<div class=\"title\">\r\n\t\t\t\t<a href=\"https:\/\/www.mirabel-clostranquille.com\/de\/photos-camping-clos-tranquille\/\">\r\n\t\t\t\t\tFotogalerie\t\t\t\t<\/a>\r\n\t\t\t<\/div>\r\n\r\n\t\t<\/article>\r\n\t\t\t\t<article class=\"sevsitemap-entry\">\r\n\t\t\t\t\t\r\n\t\t\t<div class=\"title\">\r\n\t\t\t\t<a href=\"https:\/\/www.mirabel-clostranquille.com\/de\/gestion-des-cookies\/\">\r\n\t\t\t\t\tVerwaltung von Cookies\t\t\t\t<\/a>\r\n\t\t\t<\/div>\r\n\r\n\t\t<\/article>\r\n\t\t\t\t<article class=\"sevsitemap-entry\">\r\n\t\t\t\t\t\r\n\t\t\t<div class=\"title\">\r\n\t\t\t\t<a href=\"https:\/\/www.mirabel-clostranquille.com\/de\/destination-lannion\/\">\r\n\t\t\t\t\tLannion\t\t\t\t<\/a>\r\n\t\t\t<\/div>\r\n\r\n\t\t<\/article>\r\n\t\t\t\t<article class=\"sevsitemap-entry\">\r\n\t\t\t\t\t\r\n\t\t\t<div class=\"title\">\r\n\t\t\t\t<a href=\"https:\/\/www.mirabel-clostranquille.com\/de\/bonnes-adresses-liens\/\">\r\n\t\t\t\t\tAktivit\u00e4ten\t\t\t\t<\/a>\r\n\t\t\t<\/div>\r\n\r\n\t\t<\/article>\r\n\t\t\t\t<article class=\"sevsitemap-entry\">\r\n\t\t\t\t\t\r\n\t\t\t<div class=\"title\">\r\n\t\t\t\t<a href=\"https:\/\/www.mirabel-clostranquille.com\/de\/les-experiences\/\">\r\n\t\t\t\t\tErfahrungen\t\t\t\t<\/a>\r\n\t\t\t<\/div>\r\n\r\n\t\t<\/article>\r\n\t\t\t\t<article class=\"sevsitemap-entry\">\r\n\t\t\t\t\t\r\n\t\t\t<div class=\"title\">\r\n\t\t\t\t<a href=\"https:\/\/www.mirabel-clostranquille.com\/de\/les-experiences\/experience-enfants-vacances\/\">\r\n\t\t\t\t\tKinder im Urlaub\t\t\t\t<\/a>\r\n\t\t\t<\/div>\r\n\r\n\t\t<\/article>\r\n\t\t\t\t<article class=\"sevsitemap-entry\">\r\n\t\t\t\t\t\r\n\t\t\t<div class=\"title\">\r\n\t\t\t\t<a href=\"https:\/\/www.mirabel-clostranquille.com\/de\/les-experiences\/journee-bretonne\/\">\r\n\t\t\t\t\tEin bretonischer Tag\t\t\t\t<\/a>\r\n\t\t\t<\/div>\r\n\r\n\t\t<\/article>\r\n\t\t\t\t<article class=\"sevsitemap-entry\">\r\n\t\t\t\t\t\r\n\t\t\t<div class=\"title\">\r\n\t\t\t\t<a href=\"https:\/\/www.mirabel-clostranquille.com\/de\/mentions-legales\/\">\r\n\t\t\t\t\tRechtliche Hinweise\t\t\t\t<\/a>\r\n\t\t\t<\/div>\r\n\r\n\t\t<\/article>\r\n\t\t\t\t<article class=\"sevsitemap-entry\">\r\n\t\t\t\t\t\r\n\t\t\t<div class=\"title\">\r\n\t\t\t\t<a href=\"https:\/\/www.mirabel-clostranquille.com\/de\/tarifs-locations-mobilhomes\/\">\r\n\t\t\t\t\tMobilheime\t\t\t\t<\/a>\r\n\t\t\t<\/div>\r\n\r\n\t\t<\/article>\r\n\t\t\t\t<article class=\"sevsitemap-entry\">\r\n\t\t\t\t\t\r\n\t\t\t<div class=\"title\">\r\n\t\t\t\t<a href=\"https:\/\/www.mirabel-clostranquille.com\/de\/nos-campings\/\">\r\n\t\t\t\t\tUnsere Campingpl\u00e4tze\t\t\t\t<\/a>\r\n\t\t\t<\/div>\r\n\r\n\t\t<\/article>\r\n\t\t\t\t<article class=\"sevsitemap-entry\">\r\n\t\t\t\t\t\r\n\t\t\t<div class=\"title\">\r\n\t\t\t\t<a href=\"https:\/\/www.mirabel-clostranquille.com\/de\/plan-du-camping\/\">\r\n\t\t\t\t\tPlan des Campingplatzes\t\t\t\t<\/a>\r\n\t\t\t<\/div>\r\n\r\n\t\t<\/article>\r\n\t\t\t\t<article class=\"sevsitemap-entry\">\r\n\t\t\t\t\t\r\n\t\t\t<div class=\"title\">\r\n\t\t\t\t<a href=\"https:\/\/www.mirabel-clostranquille.com\/de\/plan-du-site\/\">\r\n\t\t\t\t\tSitemap\t\t\t\t<\/a>\r\n\t\t\t<\/div>\r\n\r\n\t\t<\/article>\r\n\t\t\t\t<article class=\"sevsitemap-entry\">\r\n\t\t\t\t\t\r\n\t\t\t<div class=\"title\">\r\n\t\t\t\t<a href=\"https:\/\/www.mirabel-clostranquille.com\/de\/politique-de-cookies-ue\/\">\r\n\t\t\t\t\tCookie-Richtlinie (EU)\t\t\t\t<\/a>\r\n\t\t\t<\/div>\r\n\r\n\t\t<\/article>\r\n\t\t\t\t<article class=\"sevsitemap-entry\">\r\n\t\t\t\t\t\r\n\t\t\t<div class=\"title\">\r\n\t\t\t\t<a href=\"https:\/\/www.mirabel-clostranquille.com\/de\/saint-briac-sur-mer\/\">\r\n\t\t\t\t\tSaint Briac sur Mer\t\t\t\t<\/a>\r\n\t\t\t<\/div>\r\n\r\n\t\t<\/article>\r\n\t\t\t\t<article class=\"sevsitemap-entry\">\r\n\t\t\t\t\t\r\n\t\t\t<div class=\"title\">\r\n\t\t\t\t<a href=\"https:\/\/www.mirabel-clostranquille.com\/de\/saint-cast-le-guildo\/\">\r\n\t\t\t\t\tSaint-Cast-le-Guildo\t\t\t\t<\/a>\r\n\t\t\t<\/div>\r\n\r\n\t\t<\/article>\r\n\t\t\t\t<article class=\"sevsitemap-entry\">\r\n\t\t\t\t\t\r\n\t\t\t<div class=\"title\">\r\n\t\t\t\t<a href=\"https:\/\/www.mirabel-clostranquille.com\/de\/services-camping\/\">\r\n\t\t\t\t\tDienste\t\t\t\t<\/a>\r\n\t\t\t<\/div>\r\n\r\n\t\t<\/article>\r\n\t\t\t\t<article class=\"sevsitemap-entry\">\r\n\t\t\t\t\t\r\n\t\t\t<div class=\"title\">\r\n\t\t\t\t<a href=\"https:\/\/www.mirabel-clostranquille.com\/de\/sports-loisirs\/\">\r\n\t\t\t\t\tSport und Freizeit\t\t\t\t<\/a>\r\n\t\t\t<\/div>\r\n\r\n\t\t<\/article>\r\n\t\t\t\t<article class=\"sevsitemap-entry\">\r\n\t\t\t\t\t\r\n\t\t\t<div class=\"title\">\r\n\t\t\t\t<a href=\"https:\/\/www.mirabel-clostranquille.com\/de\/vallee-de-la-rance\/\">\r\n\t\t\t\t\tTal der Rance\t\t\t\t<\/a>\r\n\t\t\t<\/div>\r\n\r\n\t\t<\/article>\r\n\t\t\t\t<article class=\"sevsitemap-entry\">\r\n\t\t\t\t\t\r\n\t\t\t<div class=\"title\">\r\n\t\t\t\t<a href=\"https:\/\/www.mirabel-clostranquille.com\/de\/vente-mobil-homes\/\">\r\n\t\t\t\t\tVerkauf von neuen und gebrauchten Mobilheimen\t\t\t\t<\/a>\r\n\t\t\t<\/div>\r\n\r\n\t\t<\/article>\r\n\t\t\t\t<article class=\"sevsitemap-entry\">\r\n\t\t\t\t\t\r\n\t\t\t<div class=\"title\">\r\n\t\t\t\t<a href=\"https:\/\/www.mirabel-clostranquille.com\/de\/residence-secondaire-bretagne\/\">\r\n\t\t\t\t\tIhr Zweitwohnsitz\t\t\t\t<\/a>\r\n\t\t\t<\/div>\r\n\r\n\t\t<\/article>\r\n\t\t<h2>Unterk\u00fcnfte<\/h2>\t\t<article class=\"sevsitemap-entry\">\r\n\t\t\t\r\n\t\t\t<div class=\"title\">\r\n\t\t\t\t<a href=\"https:\/\/www.mirabel-clostranquille.com\/de\/hebergement\/mh-les-caps-3-ch\/\">\r\n\t\t\t\t\tMobilheim 3 Zimmer - 6 Personen\t\t\t\t<\/a>\r\n\t\t\t<\/div>\r\n\r\n\t\t<\/article>\r\n\t\t\t\t<article class=\"sevsitemap-entry\">\r\n\t\t\t\r\n\t\t\t<div class=\"title\">\r\n\t\t\t\t<a href=\"https:\/\/www.mirabel-clostranquille.com\/de\/hebergement\/mh-emeraude-2-ch\/\">\r\n\t\t\t\t\tMobilheim 2 Zimmer - 4 Personen\t\t\t\t<\/a>\r\n\t\t\t<\/div>\r\n\r\n\t\t<\/article>\r\n\t\t\t\t<article class=\"sevsitemap-entry\">\r\n\t\t\t\r\n\t\t\t<div class=\"title\">\r\n\t\t\t\t<a href=\"https:\/\/www.mirabel-clostranquille.com\/de\/hebergement\/mh-armor-2-ch\/\">\r\n\t\t\t\t\tMobilheim 2 Zimmer - 4 pers.\t\t\t\t<\/a>\r\n\t\t\t<\/div>\r\n\r\n\t\t<\/article>\r\n\t\t<h2>Aktuelle Eintr\u00e4ge<\/h2>\t\t<article class=\"sevsitemap-entry\">\r\n\t\t\t\r\n\t\t\t<div class=\"title\">\r\n\t\t\t\t<a href=\"https:\/\/www.mirabel-clostranquille.com\/de\/editorial\/camping-peche-a-pied-bretagne\/\">\r\n\t\t\t\t\tCampingplatz Angeln Bretagne\t\t\t\t<\/a>\r\n\t\t\t<\/div>\r\n\r\n\t\t<\/article>\r\n\t\t\t\t<article class=\"sevsitemap-entry\">\r\n\t\t\t\r\n\t\t\t<div class=\"title\">\r\n\t\t\t\t<a href=\"https:\/\/www.mirabel-clostranquille.com\/de\/editorial\/week-end-bord-de-mer-cap-frehel\/\">\r\n\t\t\t\t\tWochenende am Meer Cap Fr\u00e9hel\t\t\t\t<\/a>\r\n\t\t\t<\/div>\r\n\r\n\t\t<\/article>\r\n\t\t\t\t<article class=\"sevsitemap-entry\">\r\n\t\t\t\r\n\t\t\t<div class=\"title\">\r\n\t\t\t\t<a href=\"https:\/\/www.mirabel-clostranquille.com\/de\/editorial\/petit-camping-proche-plage-cote-demeraude\/\">\r\n\t\t\t\t\tKleiner Campingplatz in Strandn\u00e4he C\u00f4te d'\u00c9meraude\t\t\t\t<\/a>\r\n\t\t\t<\/div>\r\n\r\n\t\t<\/article>\r\n\t\t\t\t<article class=\"sevsitemap-entry\">\r\n\t\t\t\r\n\t\t\t<div class=\"title\">\r\n\t\t\t\t<a href=\"https:\/\/www.mirabel-clostranquille.com\/de\/editorial\/promo-location-mobil-home-cotes-darmor\/\">\r\n\t\t\t\t\tSonderangebot Mobilheimvermietung C\u00f4tes d'Armor\t\t\t\t<\/a>\r\n\t\t\t<\/div>\r\n\r\n\t\t<\/article>\r\n\t\t\t\t<article class=\"sevsitemap-entry\">\r\n\t\t\t\r\n\t\t\t<div class=\"title\">\r\n\t\t\t\t<a href=\"https:\/\/www.mirabel-clostranquille.com\/de\/editorial\/camping-pres-du-cap-frehel\/\">\r\n\t\t\t\t\tCampingplatz in der N\u00e4he von Cap Fr\u00e9hel\t\t\t\t<\/a>\r\n\t\t\t<\/div>\r\n\r\n\t\t<\/article>\r\n\t\t\t\t<article class=\"sevsitemap-entry\">\r\n\t\t\t\r\n\t\t\t<div class=\"title\">\r\n\t\t\t\t<a href=\"https:\/\/www.mirabel-clostranquille.com\/de\/editorial\/camping-nature-proche-saint-lunaire\/\">\r\n\t\t\t\t\tNaturcamping in der N\u00e4he von Saint-Lunaire\t\t\t\t<\/a>\r\n\t\t\t<\/div>\r\n\r\n\t\t<\/article>\r\n\t\t\t\t<article class=\"sevsitemap-entry\">\r\n\t\t\t\r\n\t\t\t<div class=\"title\">\r\n\t\t\t\t<a href=\"https:\/\/www.mirabel-clostranquille.com\/de\/editorial\/camping-calme-pres-dinard\/\">\r\n\t\t\t\t\tRuhiger Campingplatz in der N\u00e4he von Dinard\t\t\t\t<\/a>\r\n\t\t\t<\/div>\r\n\r\n\t\t<\/article>\r\n\t\t\t\t<article class=\"sevsitemap-entry\">\r\n\t\t\t\r\n\t\t\t<div class=\"title\">\r\n\t\t\t\t<a href=\"https:\/\/www.mirabel-clostranquille.com\/de\/editorial\/vente-mobil-home-saint-cast-le-guildo\/\">\r\n\t\t\t\t\tVerkauf mobilheim Saint Cast le Guildo\t\t\t\t<\/a>\r\n\t\t\t<\/div>\r\n\r\n\t\t<\/article>\r\n\t\t\t\t<article class=\"sevsitemap-entry\">\r\n\t\t\t\r\n\t\t\t<div class=\"title\">\r\n\t\t\t\t<a href=\"https:\/\/www.mirabel-clostranquille.com\/de\/editorial\/petit-camping-cotes-darmor\/\">\r\n\t\t\t\t\tKleiner Campingplatz C\u00f4tes d'Armor\t\t\t\t<\/a>\r\n\t\t\t<\/div>\r\n\r\n\t\t<\/article>","protected":false},"excerpt":{"rendered":"<p>Sitemap<\/p>","protected":false},"author":1,"featured_media":0,"parent":0,"menu_order":0,"comment_status":"closed","ping_status":"closed","template":"","meta":{"_seopress_robots_primary_cat":"","_seopress_titles_title":"","_seopress_titles_desc":"","_seopress_robots_index":"","footnotes":""},"class_list":["post-91","page","type-page","status-publish","hentry"],"_links":{"self":[{"href":"https:\/\/www.mirabel-clostranquille.com\/de\/wp-json\/wp\/v2\/pages\/91","targetHints":{"allow":["GET"]}}],"collection":[{"href":"https:\/\/www.mirabel-clostranquille.com\/de\/wp-json\/wp\/v2\/pages"}],"about":[{"href":"https:\/\/www.mirabel-clostranquille.com\/de\/wp-json\/wp\/v2\/types\/page"}],"author":[{"embeddable":true,"href":"https:\/\/www.mirabel-clostranquille.com\/de\/wp-json\/wp\/v2\/users\/1"}],"replies":[{"embeddable":true,"href":"https:\/\/www.mirabel-clostranquille.com\/de\/wp-json\/wp\/v2\/comments?post=91"}],"version-history":[{"count":0,"href":"https:\/\/www.mirabel-clostranquille.com\/de\/wp-json\/wp\/v2\/pages\/91\/revisions"}],"wp:attachment":[{"href":"https:\/\/www.mirabel-clostranquille.com\/de\/wp-json\/wp\/v2\/media?parent=91"}],"curies":[{"name":"wp","href":"https:\/\/api.w.org\/{rel}","templated":true}]}}