{"id":267,"date":"2022-02-17T10:04:00","date_gmt":"2022-02-17T09:04:00","guid":{"rendered":"https:\/\/www.campinglarenaudiere.com\/?page_id=267"},"modified":"2025-06-25T14:14:55","modified_gmt":"2025-06-25T12:14:55","slug":"saint-briac-sur-mer","status":"publish","type":"page","link":"https:\/\/www.mirabel-clostranquille.com\/nl\/saint-briac-sur-mer\/","title":{"rendered":"Saint Briac aan zee"},"content":{"rendered":"<h1 class=\"wp-block-heading\"><strong>Saint-Briac-sur-Mer, een uitnodiging om te ontspannen<\/strong><\/h1>\n\n\n\n<p class=\"has-text-align-center\">In Saint-Briac draait alles om rust en stilte. Dit kleine dorp fascineert kunstenaars, trekt vakantiegangers aan die op zoek zijn naar rust en verleidt mensen met een passie voor geschiedenis en ontdekkingen.<\/p>\n\n\n\n<figure class=\"wp-block-image aligncenter size-full\"><img decoding=\"async\" src=\"https:\/\/www.mirabel-mielles.com\/wp-content\/uploads\/2022\/09\/barre-bleue.png\" alt=\"camping saint cast le guildo\" class=\"wp-image-5969\"\/><\/figure>\n\n\n\n<div style=\"height:14px\" aria-hidden=\"true\" class=\"wp-block-spacer\"><\/div>\n\n\n\n<div class=\"wp-block-media-text alignwide is-stacked-on-mobile is-image-fill-element animate left\"><figure class=\"wp-block-media-text__media\"><img loading=\"lazy\" decoding=\"async\" width=\"683\" height=\"1024\" src=\"https:\/\/www.mirabel-clostranquille.com\/wp-content\/uploads\/2022\/11\/1-st-briac-crtb-ae04975_Remedios-Valls-683x1024.jpg\" alt=\"camping saint cast le guildo\" class=\"wp-image-7717 size-full\" style=\"object-position:50% 17%\" srcset=\"https:\/\/www.mirabel-clostranquille.com\/wp-content\/uploads\/2022\/11\/1-st-briac-crtb-ae04975_Remedios-Valls-683x1024.jpg 683w, https:\/\/www.mirabel-clostranquille.com\/wp-content\/uploads\/2022\/11\/1-st-briac-crtb-ae04975_Remedios-Valls-200x300.jpg 200w, https:\/\/www.mirabel-clostranquille.com\/wp-content\/uploads\/2022\/11\/1-st-briac-crtb-ae04975_Remedios-Valls-768x1152.jpg 768w, https:\/\/www.mirabel-clostranquille.com\/wp-content\/uploads\/2022\/11\/1-st-briac-crtb-ae04975_Remedios-Valls.jpg 800w\" sizes=\"auto, (max-width: 683px) 100vw, 683px\" \/><\/figure><div class=\"wp-block-media-text__content\">\n<p class=\"texte-rond has-orange-color has-text-color has-large-font-size\">De historische stad Saint-Briac-sur-Mer in C\u00f4tes d'Armor<\/p>\n\n\n\n<p>Hier gebeurt het allemaal. Als je door de smalle straatjes van het dorp Saint-Briac slentert, kom je een aantal bezienswaardigheden tegen die je gezien moet hebben. We beginnen met <strong>de oude pastorie<\/strong> met een rijke geschiedenis. Deze unieke locatie werd gerenoveerd in 2012 en opnieuw in 2015 en biedt elk jaar onderdak aan een aantal tentoonstellingen. Vervolg je weg en je komt bij de<strong> Parc du Nessay en het kasteel<\/strong>. Het is nu omgetoverd tot een hotel en beschikt ook over een theesalon, een golfbaan en tal van evenementen voor het hele gezin in een betoverende omgeving. Maak een wandeling door de oude stad en bewonder de<strong> typisch Bretonse architectuur<\/strong> huizen en gebouwen die deel uitmaken van de geschiedenis van dit charmante Bretonse dorpje.<\/p>\n\n\n\n<figure class=\"wp-block-image alignright size-full is-resized\"><img decoding=\"async\" src=\"https:\/\/www.campinglarenaudiere.com\/wp-content\/uploads\/2022\/01\/transat.png\" alt=\"camping saint cast le guildo\" class=\"wp-image-1719\" style=\"width:80px;height:85px\"\/><\/figure>\n<\/div><\/div>\n\n\n\n<div style=\"height:14px\" aria-hidden=\"true\" class=\"wp-block-spacer\"><\/div>\n\n\n\n<div class=\"wp-block-media-text alignwide has-media-on-the-right is-stacked-on-mobile is-image-fill-element front-page-section grey animate right\"><div class=\"wp-block-media-text__content\">\n<p><\/p>\n\n\n\n<h2 class=\"wp-block-heading\" id=\"de-saint-nazaire-a-guerande-la-bretagne-sud-dans-toute-sa-splendeur\">De 9 stranden van het resort<\/h2>\n\n\n\n<figure class=\"wp-block-image size-full\"><img decoding=\"async\" src=\"https:\/\/www.campinglarenaudiere.com\/wp-content\/uploads\/2022\/01\/barre-bleue.png\" alt=\"camping saint cast le guildo\" class=\"wp-image-2382\"\/><\/figure>\n\n\n\n<p><\/p>\n\n\n\n<p>Saint-Briac, een badplaats bij uitstek, biedt eindeloze mogelijkheden voor een vakantie aan zee. Ingedeeld <strong>blauwe vlag<\/strong>, De stad staat garant voor een voorbeeldige milieukwaliteit. Of je nu van het buitenleven houdt of liever luiert en zonnebaadt op je handdoek, er is hier genoeg te doen.<strong> 9 stranden<\/strong> van Saint-Briac wachten op je. Als je in de zomer met kinderen komt, kies dan de bewaakte stranden om veilig te kunnen zwemmen. Het strand bij <strong>Grote Salinette<\/strong> en zijn hutten aan de voet van het kasteel of het fijne zandstrand van Port Hue zullen perfect voor je zijn.<\/p>\n\n\n\n<p><\/p>\n<\/div><figure class=\"wp-block-media-text__media\"><img loading=\"lazy\" decoding=\"async\" width=\"1024\" height=\"678\" src=\"https:\/\/www.mirabel-clostranquille.com\/wp-content\/uploads\/2022\/11\/2-plages-saint-briac--1024x678.jpg\" alt=\"camping saint cast le guildo\" class=\"wp-image-7722 size-full\" style=\"object-position:50% 50%\" srcset=\"https:\/\/www.mirabel-clostranquille.com\/wp-content\/uploads\/2022\/11\/2-plages-saint-briac--1024x678.jpg 1024w, https:\/\/www.mirabel-clostranquille.com\/wp-content\/uploads\/2022\/11\/2-plages-saint-briac--300x199.jpg 300w, https:\/\/www.mirabel-clostranquille.com\/wp-content\/uploads\/2022\/11\/2-plages-saint-briac--768x508.jpg 768w, https:\/\/www.mirabel-clostranquille.com\/wp-content\/uploads\/2022\/11\/2-plages-saint-briac-.jpg 1200w\" sizes=\"auto, (max-width: 1024px) 100vw, 1024px\" \/><\/figure><\/div>\n\n\n\n<div class=\"wp-block-media-text alignwide is-stacked-on-mobile animate left\"><figure class=\"wp-block-media-text__media\"><img loading=\"lazy\" decoding=\"async\" width=\"1024\" height=\"683\" src=\"https:\/\/www.mirabel-clostranquille.com\/wp-content\/uploads\/2022\/11\/3-st-briac-crtb-ad5959_LAMOUREUX-Alexandre-1024x683.jpg\" alt=\"St Briac strand\" class=\"wp-image-7843 size-full\" srcset=\"https:\/\/www.mirabel-clostranquille.com\/wp-content\/uploads\/2022\/11\/3-st-briac-crtb-ad5959_LAMOUREUX-Alexandre-1024x683.jpg 1024w, https:\/\/www.mirabel-clostranquille.com\/wp-content\/uploads\/2022\/11\/3-st-briac-crtb-ad5959_LAMOUREUX-Alexandre-300x200.jpg 300w, https:\/\/www.mirabel-clostranquille.com\/wp-content\/uploads\/2022\/11\/3-st-briac-crtb-ad5959_LAMOUREUX-Alexandre-768x512.jpg 768w, https:\/\/www.mirabel-clostranquille.com\/wp-content\/uploads\/2022\/11\/3-st-briac-crtb-ad5959_LAMOUREUX-Alexandre.jpg 1200w\" sizes=\"auto, (max-width: 1024px) 100vw, 1024px\" \/><\/figure><div class=\"wp-block-media-text__content\">\n<p class=\"texte-rond has-orange-color has-text-color has-large-font-size\">Wandeling naar de Pointe de la Garde Gu\u00e9rin <\/p>\n\n\n\n<p><strong>Het hoogste punt van de kustlijn van Ille-et-Vilaine,<\/strong> La Garde Gu\u00e9rin ligt op een schiereiland 48 meter boven de zeespiegel. Als je de GR34 volgt, kun je de wandelroute nemen die naar het strand van de Garde leidt. Op de top van de Pointe is een <strong>een uitzonderlijk panorama<\/strong> biedt een prachtig uitzicht op de Golf de Dinard, Cap Fr\u00e9hel of de<strong> Chausey-eilanden<\/strong> bij mooi weer. Het natuurgebied is ook de thuisbasis van een<strong> gevarieerde flora en fauna<\/strong> die je zult willen ontdekken. Geniet van de rit!<\/p>\n<\/div><\/div>\n\n\n\n<div style=\"height:14px\" aria-hidden=\"true\" class=\"wp-block-spacer\"><\/div>\n\n\n\n<p class=\"has-text-align-center texte-rond mt-5 has-orange-color has-text-color has-large-font-size\">Ontdek de camping<\/p>\n\n\n\n<div class=\"wp-block-columns are-vertically-aligned-center h-20 front-page-section grey is-layout-flex wp-container-core-columns-is-layout-28f84493 wp-block-columns-is-layout-flex\">\n<div class=\"wp-block-column is-layout-flow wp-block-column-is-layout-flow\"><\/div>\n\n\n\n<div class=\"wp-block-column is-vertically-aligned-center is-layout-flow wp-block-column-is-layout-flow\">\n<div class=\"wp-block-create-block-sevgutenberg-navigation\"><aside class=\"encart-sev-navigation small carre\"><a href=\"https:\/\/www.mirabel-clostranquille.com\/nl\/contact-opnemen-met-camping-clos-tranquille\/\" class=\"d-flex flex-column align-items-center\"><div class=\"encart-title\"><span>Neem contact op met<\/span><\/div><div class=\"vague\"><\/div><img decoding=\"async\" src=\"https:\/\/www.mirabel-clostranquille.com\/wp-content\/uploads\/2022\/11\/3A6A0130-1.jpg\" alt=\"neem contact op met\"\/><div class=\"ligne\"><\/div><div class=\"hover\"><\/div><\/a><\/aside><\/div>\n<\/div>\n\n\n\n<div class=\"wp-block-column is-layout-flow wp-block-column-is-layout-flow\">\n<div class=\"wp-block-create-block-sevgutenberg-navigation\"><aside class=\"encart-sev-navigation small carre\"><a href=\"https:\/\/www.mirabel-clostranquille.com\/nl\/ervaringen\/\" class=\"d-flex flex-column align-items-center\"><div class=\"encart-title\"><span>Ervaringen<\/span><\/div><div class=\"vague\"><\/div><img decoding=\"async\" src=\"https:\/\/www.mirabel-clostranquille.com\/wp-content\/uploads\/2022\/11\/header-enfants-vacances.jpg\" alt=\"beleef kinderen op vakantie\"\/><div class=\"ligne\"><\/div><div class=\"hover\"><\/div><\/a><\/aside><\/div>\n<\/div>\n\n\n\n<div class=\"wp-block-column is-vertically-aligned-center is-layout-flow wp-block-column-is-layout-flow\">\n<div class=\"wp-block-create-block-sevgutenberg-navigation\"><aside class=\"encart-sev-navigation small carre\"><a href=\"https:\/\/www.mirabel-clostranquille.com\/nl\/huurprijzen-stacaravans\/\" class=\"d-flex flex-column align-items-center\"><div class=\"encart-title\"><span>Stacaravans<\/span><\/div><div class=\"vague\"><\/div><img decoding=\"async\" src=\"https:\/\/www.mirabel-clostranquille.com\/wp-content\/uploads\/2022\/11\/camping-famille-nature-saint-cast-bretagne-1.jpg\" alt=\"stacaravan le clos tranquille\"\/><div class=\"ligne\"><\/div><div class=\"hover\"><\/div><\/a><\/aside><\/div>\n<\/div>\n\n\n\n<div class=\"wp-block-column is-layout-flow wp-block-column-is-layout-flow\"><\/div>\n<\/div>\n\n\n<!-- Aucune image dans cette galerie -->","protected":false},"excerpt":{"rendered":"<p>Saint-Briac-sur-Mer, l\u2019invitation au repos Saint-Briac, c\u2019est avant tout le calme et la s\u00e9r\u00e9nit\u00e9. Ce petit village fascine les artistes, attire [&hellip;]<\/p>\n","protected":false},"author":1,"featured_media":0,"parent":0,"menu_order":0,"comment_status":"closed","ping_status":"closed","template":"","meta":{"_seopress_robots_primary_cat":"","_seopress_titles_title":"Tourisme \u00e0 visiter Saint Briac sur Mer en Bretagne","_seopress_titles_desc":"Pendant votre s\u00e9jour au camping Le Clos Tranquille \u00e0 Saint Cast le Guildo, quelques destinations touristiques \u00e0 visiter \u00e0 Saint Briac sur Mer","_seopress_robots_index":"","footnotes":""},"class_list":["post-267","page","type-page","status-publish","hentry"],"_links":{"self":[{"href":"https:\/\/www.mirabel-clostranquille.com\/nl\/wp-json\/wp\/v2\/pages\/267","targetHints":{"allow":["GET"]}}],"collection":[{"href":"https:\/\/www.mirabel-clostranquille.com\/nl\/wp-json\/wp\/v2\/pages"}],"about":[{"href":"https:\/\/www.mirabel-clostranquille.com\/nl\/wp-json\/wp\/v2\/types\/page"}],"author":[{"embeddable":true,"href":"https:\/\/www.mirabel-clostranquille.com\/nl\/wp-json\/wp\/v2\/users\/1"}],"replies":[{"embeddable":true,"href":"https:\/\/www.mirabel-clostranquille.com\/nl\/wp-json\/wp\/v2\/comments?post=267"}],"version-history":[{"count":13,"href":"https:\/\/www.mirabel-clostranquille.com\/nl\/wp-json\/wp\/v2\/pages\/267\/revisions"}],"predecessor-version":[{"id":10395,"href":"https:\/\/www.mirabel-clostranquille.com\/nl\/wp-json\/wp\/v2\/pages\/267\/revisions\/10395"}],"wp:attachment":[{"href":"https:\/\/www.mirabel-clostranquille.com\/nl\/wp-json\/wp\/v2\/media?parent=267"}],"curies":[{"name":"wp","href":"https:\/\/api.w.org\/{rel}","templated":true}]}}