{"id":272,"date":"2021-12-14T14:59:02","date_gmt":"2021-12-14T13:59:02","guid":{"rendered":"https:\/\/www.campinglarenaudiere.com\/?page_id=272"},"modified":"2022-11-09T16:27:38","modified_gmt":"2022-11-09T15:27:38","slug":"ervaringen","status":"publish","type":"page","link":"https:\/\/www.mirabel-clostranquille.com\/nl\/les-experiences\/","title":{"rendered":"Ervaringen"},"content":{"rendered":"<h1 class=\"wp-block-heading\" id=\"les-experiences\">Ervaringen<\/h1>\n\n\n\n<div class=\"wp-block-columns is-layout-flex wp-container-core-columns-is-layout-28f84493 wp-block-columns-is-layout-flex\">\n<div class=\"wp-block-column card p-4 is-layout-flow wp-block-column-is-layout-flow\">\n<figure class=\"wp-block-image size-large card-img-top\"><a href=\"https:\/\/www.mirabel-clostranquille.com\/nl\/ervaringen\/bretonse-dag\/\"><img loading=\"lazy\" decoding=\"async\" width=\"1024\" height=\"422\" src=\"https:\/\/www.mirabel-clostranquille.com\/wp-content\/uploads\/2022\/11\/header-journee-bretonne-1024x422.jpg\" alt=\"Bretonse dag beleven\" class=\"wp-image-7078\" srcset=\"https:\/\/www.mirabel-clostranquille.com\/wp-content\/uploads\/2022\/11\/header-journee-bretonne-1024x422.jpg 1024w, https:\/\/www.mirabel-clostranquille.com\/wp-content\/uploads\/2022\/11\/header-journee-bretonne-300x124.jpg 300w, https:\/\/www.mirabel-clostranquille.com\/wp-content\/uploads\/2022\/11\/header-journee-bretonne-768x316.jpg 768w, https:\/\/www.mirabel-clostranquille.com\/wp-content\/uploads\/2022\/11\/header-journee-bretonne-1536x633.jpg 1536w, https:\/\/www.mirabel-clostranquille.com\/wp-content\/uploads\/2022\/11\/header-journee-bretonne.jpg 1920w\" sizes=\"auto, (max-width: 1024px) 100vw, 1024px\" \/><\/a><\/figure>\n\n\n\n<p class=\"has-text-align-center texte-rond card-title has-orange-color has-text-color has-large-font-size\">Een dag in Bretagne<\/p>\n\n\n\n<figure class=\"wp-block-image aligncenter size-full pluspetit\"><a href=\"https:\/\/www.mirabel-clostranquille.com\/nl\/ervaringen\/bretonse-dag\/\"><img decoding=\"async\" src=\"https:\/\/www.campinglarenaudiere.com\/wp-content\/uploads\/2022\/01\/plus-1.png\" alt=\"\" class=\"wp-image-3062\"\/><\/a><\/figure>\n<\/div>\n\n\n\n<div class=\"wp-block-column card p-4 is-layout-flow wp-block-column-is-layout-flow\">\n<figure class=\"wp-block-image size-large card-img-top\"><a href=\"https:\/\/www.mirabel-clostranquille.com\/nl\/ervaringen\/vakantie-voor-kinderen\/\"><img loading=\"lazy\" decoding=\"async\" width=\"1024\" height=\"421\" src=\"https:\/\/www.mirabel-clostranquille.com\/wp-content\/uploads\/2022\/11\/header-enfants-vacances-1024x421.jpg\" alt=\"beleef kinderen op vakantie\" class=\"wp-image-7072\" srcset=\"https:\/\/www.mirabel-clostranquille.com\/wp-content\/uploads\/2022\/11\/header-enfants-vacances-1024x421.jpg 1024w, https:\/\/www.mirabel-clostranquille.com\/wp-content\/uploads\/2022\/11\/header-enfants-vacances-300x123.jpg 300w, https:\/\/www.mirabel-clostranquille.com\/wp-content\/uploads\/2022\/11\/header-enfants-vacances-768x316.jpg 768w, https:\/\/www.mirabel-clostranquille.com\/wp-content\/uploads\/2022\/11\/header-enfants-vacances-1536x632.jpg 1536w, https:\/\/www.mirabel-clostranquille.com\/wp-content\/uploads\/2022\/11\/header-enfants-vacances.jpg 1920w\" sizes=\"auto, (max-width: 1024px) 100vw, 1024px\" \/><\/a><\/figure>\n\n\n\n<p class=\"has-text-align-center texte-rond card-title has-orange-color has-text-color has-large-font-size\">Kinderen op vakantie<\/p>\n\n\n\n<figure class=\"wp-block-image aligncenter size-full pluspetit\"><a href=\"https:\/\/www.mirabel-clostranquille.com\/nl\/ervaringen\/vakantie-voor-kinderen\/\"><img decoding=\"async\" src=\"https:\/\/www.campinglarenaudiere.com\/wp-content\/uploads\/2022\/01\/plus-1.png\" alt=\"\" class=\"wp-image-3062\"\/><\/a><\/figure>\n<\/div>\n\n\n\n<div class=\"wp-block-column is-layout-flow wp-block-column-is-layout-flow\"><\/div>\n<\/div>\n\n\n\n<p><\/p>","protected":false},"excerpt":{"rendered":"<p>Les exp\u00e9riences Une journ\u00e9e bretonne Les enfants en vacances<\/p>","protected":false},"author":1,"featured_media":0,"parent":0,"menu_order":0,"comment_status":"closed","ping_status":"closed","template":"","meta":{"_seopress_robots_primary_cat":"","_seopress_titles_title":"Les exp\u00e9riences en famille ou entre amis en C\u00f4tes d&#039;Armor","_seopress_titles_desc":"D\u00e9couvrez les exp\u00e9riences natures ou sportives \u00e0 effectuer en famille ou entre amis au d\u00e9part du camping Le Clos Tranquille \u00e0 Saint Cast le Guildo","_seopress_robots_index":"","footnotes":""},"class_list":["post-272","page","type-page","status-publish","hentry"],"_links":{"self":[{"href":"https:\/\/www.mirabel-clostranquille.com\/nl\/wp-json\/wp\/v2\/pages\/272","targetHints":{"allow":["GET"]}}],"collection":[{"href":"https:\/\/www.mirabel-clostranquille.com\/nl\/wp-json\/wp\/v2\/pages"}],"about":[{"href":"https:\/\/www.mirabel-clostranquille.com\/nl\/wp-json\/wp\/v2\/types\/page"}],"author":[{"embeddable":true,"href":"https:\/\/www.mirabel-clostranquille.com\/nl\/wp-json\/wp\/v2\/users\/1"}],"replies":[{"embeddable":true,"href":"https:\/\/www.mirabel-clostranquille.com\/nl\/wp-json\/wp\/v2\/comments?post=272"}],"version-history":[{"count":9,"href":"https:\/\/www.mirabel-clostranquille.com\/nl\/wp-json\/wp\/v2\/pages\/272\/revisions"}],"predecessor-version":[{"id":7711,"href":"https:\/\/www.mirabel-clostranquille.com\/nl\/wp-json\/wp\/v2\/pages\/272\/revisions\/7711"}],"wp:attachment":[{"href":"https:\/\/www.mirabel-clostranquille.com\/nl\/wp-json\/wp\/v2\/media?parent=272"}],"curies":[{"name":"wp","href":"https:\/\/api.w.org\/{rel}","templated":true}]}}