{"id":889,"date":"2021-12-20T11:10:21","date_gmt":"2021-12-20T10:10:21","guid":{"rendered":"https:\/\/www.campinglarenaudiere.com\/?page_id=889"},"modified":"2024-04-05T15:48:05","modified_gmt":"2024-04-05T13:48:05","slug":"bretonse-dag","status":"publish","type":"page","link":"https:\/\/www.mirabel-clostranquille.com\/nl\/les-experiences\/journee-bretonne\/","title":{"rendered":"Een dag in Bretagne"},"content":{"rendered":"<figure class=\"wp-block-image alignright size-full is-resized\"><img decoding=\"async\" src=\"https:\/\/www.campinglarenaudiere.com\/wp-content\/uploads\/2021\/12\/Smile.png\" alt=\"praktisch glimlachen\" class=\"wp-image-1947\" style=\"width:160px;height:107px\"\/><\/figure>\n\n\n\n<h1 class=\"wp-block-heading\" id=\"vivez-l-experience-loire-atlantique-en-famille\"><strong>Beleef een dag in de pure Bretonse traditie<\/strong><\/h1>\n\n\n\n<p class=\"has-text-align-center\">Als je Bretagne hebt gekozen voor je vakantie, heb je waarschijnlijk een zwak voor Keltische muziek of de Bretonse galette! En als je dat nog niet hebt gedaan, hebben we een typisch Bretons programma voor je samengesteld.<\/p>\n\n\n\n<figure class=\"wp-block-image aligncenter size-full\"><img decoding=\"async\" src=\"https:\/\/www.campinglarenaudiere.com\/wp-content\/uploads\/2022\/01\/barre-bleue.png\" alt=\"\" class=\"wp-image-2382\"\/><\/figure>\n\n\n\n<div style=\"height:14px\" aria-hidden=\"true\" class=\"wp-block-spacer\"><\/div>\n\n\n\n<div class=\"wp-block-media-text alignwide is-stacked-on-mobile is-image-fill animate left\"><figure class=\"wp-block-media-text__media\" style=\"background-image:url(https:\/\/www.mirabel-clostranquille.com\/wp-content\/uploads\/2022\/11\/1-petit-dej-breton-crtb-DERENNES-Yannick-1024x683.jpg);background-position:50% 50%\"><a href=\"https:\/\/www.mirabel-clostranquille.com\/wp-content\/uploads\/2022\/11\/1-petit-dej-breton-crtb-DERENNES-Yannick.jpg\"><img loading=\"lazy\" decoding=\"async\" width=\"1024\" height=\"683\" src=\"https:\/\/www.mirabel-clostranquille.com\/wp-content\/uploads\/2022\/11\/1-petit-dej-breton-crtb-DERENNES-Yannick-1024x683.jpg\" alt=\"\" class=\"wp-image-7037 size-full\" srcset=\"https:\/\/www.mirabel-clostranquille.com\/wp-content\/uploads\/2022\/11\/1-petit-dej-breton-crtb-DERENNES-Yannick-1024x683.jpg 1024w, https:\/\/www.mirabel-clostranquille.com\/wp-content\/uploads\/2022\/11\/1-petit-dej-breton-crtb-DERENNES-Yannick-300x200.jpg 300w, https:\/\/www.mirabel-clostranquille.com\/wp-content\/uploads\/2022\/11\/1-petit-dej-breton-crtb-DERENNES-Yannick-768x512.jpg 768w, https:\/\/www.mirabel-clostranquille.com\/wp-content\/uploads\/2022\/11\/1-petit-dej-breton-crtb-DERENNES-Yannick.jpg 1200w\" sizes=\"auto, (max-width: 1024px) 100vw, 1024px\" \/><\/a><\/figure><div class=\"wp-block-media-text__content\">\n<p class=\"has-text-align-left texte-rond has-orange-color has-text-color has-large-font-size\">Bretons ontbijt<\/p>\n\n\n\n<p>s Ochtends prikkelen we onze zintuigen met een ontbijt met specialiteiten uit de streek. Het idee alleen al doet ons water in de mond lopen! De Bretons zijn fijnproevers, en hier beknibbelen we niet, door een goed gevulde tafel klaar te maken voor een gezellig moment.<\/p>\n\n\n\n<p>Een korte lijst met Bretonse ontbijtbenodigdheden:<\/p>\n\n\n\n<ul class=\"wp-block-list\">\n<li>de <strong>pannenkoeken<\/strong>,<\/li>\n\n\n\n<li>de <strong>Breton palet<\/strong>, Een knapperig, kruimelig cakeje<\/li>\n\n\n\n<li>de <strong>Bretons zandkoekje<\/strong>, Een knapperig zandkoekje met een zoute botersmaak<\/li>\n\n\n\n<li>brioche of\u00ab&nbsp;<strong>Pastez<\/strong>&nbsp;\u00bb<\/li>\n\n\n\n<li>de <strong>verre breton<\/strong>, de beroemde pruimenvlaai<\/li>\n\n\n\n<li>de <strong>Kouign-Amann<\/strong>, een soort bladerdeeg met boter en gekarameliseerde suiker<\/li>\n\n\n\n<li>de <strong>karamel met gezouten boter<\/strong>, Een must voor pannenkoeken!<\/li>\n\n\n\n<li>de <strong>halfgezouten boter<\/strong> voor \u00abun tamm bara'mann\u00bb een snee beboterd brood<\/li>\n<\/ul>\n\n\n\n<p>Je kunt een aantal van deze lekkernijen vinden bij de\u2019<a href=\"https:\/\/www.mirabel-clostranquille.com\/nl\/camping-diensten\/\" data-type=\"page\" data-id=\"48\">kruidenierswinkel op de camping,<\/a> en voor de volledige lijst ga je naar de bakkerij op <strong>Notre-Dame-du-Guildo<\/strong> of Matignon en Saint-Cast.<\/p>\n<\/div><\/div>\n\n\n\n<div style=\"height:30px\" aria-hidden=\"true\" class=\"wp-block-spacer\"><\/div>\n\n\n\n<div class=\"wp-block-media-text alignwide has-media-on-the-right is-stacked-on-mobile is-image-fill front-page-section grey animate right\"><div class=\"wp-block-media-text__content\">\n<h2 class=\"wp-block-heading\"><strong>Bretonse legendes<\/strong><\/h2>\n\n\n\n<figure class=\"wp-block-image size-full\"><img decoding=\"async\" src=\"https:\/\/www.mirabel-mielles.com\/wp-content\/uploads\/2022\/09\/barre-bleue.png\" alt=\"\" class=\"wp-image-5969\"\/><\/figure>\n\n\n\n<p>Na een stevig ontbijt gaat er niets boven een goede wandeling om wat calorie\u00ebn te verbranden op zoek naar de \u00ab&nbsp;<strong>Klinkende Stenen&nbsp;<\/strong>\u00bb. Vertrekkend van<a href=\"https:\/\/www.mirabel-clostranquille.com\/nl\/\" data-type=\"page\" data-id=\"9\"> camping<\/a>, Neem vanaf het strand van Les 4 Vaulx het douanepad (GR34) richting de haven van Le Guildo. Er staat je iets moois te wachten! Je kunt nu al genieten van het prachtige panorama van <strong>Baai van Arguenon<\/strong> en de Ebihens archipel tegenover het strand. Maak vervolgens een wandeling van 3 km langs de kliffen over een bebost pad. Als de zon zich laat zien, heb je geluk dat je het smaragdblauw ziet waaraan onze kust zijn naam dankt. Je hebt wel een pauze verdiend op de camping Pierres Sonnantes!<\/p>\n\n\n\n<p>De stenen liggen verspreid op het strand bij de <strong>Goule d'Enfer<\/strong><strong>, hun naam<\/strong> komt van het feit dat ze rinkelen als ze met een andere steen geslagen worden. Dit metaalachtige geluid <strong>kleine bel<\/strong> verbaast zowel kinderen als ouders.<\/p>\n\n\n\n<p>Zoals veel Bretonse stenen, <strong>de klinkende stenen zijn <\/strong><strong>geassocieerd met een legende<\/strong>. Hier verwijzen ze naar Gargantua, die een deel van zijn leven in Bretagne doorbracht en zijn sporen naliet. Volgens de legende zijn deze stenen het resultaat van indigestie van Gargantua, die ze inslikte en vervolgens weer uitbraakte.<\/p>\n\n\n\n<p>Wandelen langs de GR34 is de beste manier om de Bretonse kust en enkele van haar geheimen te ontdekken of te herontdekken. Vergeet niet om goede wandelschoenen mee te nemen, want het pad is hier en daar behoorlijk steil.<\/p>\n\n\n\n<p>Andere routes <a href=\"https:\/\/www.tourismebretagne.com\/selon-mes-envies\/culture-et-patrimoine-de-bretagne\/les-grands-evenements\/\" target=\"_blank\" rel=\"noreferrer noopener\">hier<\/a><\/p>\n<\/div><figure class=\"wp-block-media-text__media\" style=\"background-image:url(https:\/\/www.mirabel-clostranquille.com\/wp-content\/uploads\/2022\/11\/2-Pierres_sonnantes_du_Guildo-1024x576.jpg);background-position:50% 50%\"><a href=\"https:\/\/www.mirabel-clostranquille.com\/wp-content\/uploads\/2022\/11\/2-Pierres_sonnantes_du_Guildo.jpg\"><img loading=\"lazy\" decoding=\"async\" width=\"1024\" height=\"576\" src=\"https:\/\/www.mirabel-clostranquille.com\/wp-content\/uploads\/2022\/11\/2-Pierres_sonnantes_du_Guildo-1024x576.jpg\" alt=\"\" class=\"wp-image-7041 size-full\" srcset=\"https:\/\/www.mirabel-clostranquille.com\/wp-content\/uploads\/2022\/11\/2-Pierres_sonnantes_du_Guildo-1024x576.jpg 1024w, https:\/\/www.mirabel-clostranquille.com\/wp-content\/uploads\/2022\/11\/2-Pierres_sonnantes_du_Guildo-300x169.jpg 300w, https:\/\/www.mirabel-clostranquille.com\/wp-content\/uploads\/2022\/11\/2-Pierres_sonnantes_du_Guildo-768x432.jpg 768w, https:\/\/www.mirabel-clostranquille.com\/wp-content\/uploads\/2022\/11\/2-Pierres_sonnantes_du_Guildo.jpg 1200w\" sizes=\"auto, (max-width: 1024px) 100vw, 1024px\" \/><\/a><\/figure><\/div>\n\n\n\n<div style=\"height:30px\" aria-hidden=\"true\" class=\"wp-block-spacer\"><\/div>\n\n\n\n<div class=\"wp-block-media-text alignwide is-stacked-on-mobile is-image-fill animate left\"><figure class=\"wp-block-media-text__media\" style=\"background-image:url(https:\/\/www.mirabel-clostranquille.com\/wp-content\/uploads\/2022\/11\/3-camping-jeu-palet-breton-1024x683.jpg);background-position:31% 47%\"><img loading=\"lazy\" decoding=\"async\" width=\"1024\" height=\"683\" src=\"https:\/\/www.mirabel-clostranquille.com\/wp-content\/uploads\/2022\/11\/3-camping-jeu-palet-breton-1024x683.jpg\" alt=\"\" class=\"wp-image-7045 size-full\" srcset=\"https:\/\/www.mirabel-clostranquille.com\/wp-content\/uploads\/2022\/11\/3-camping-jeu-palet-breton-1024x683.jpg 1024w, https:\/\/www.mirabel-clostranquille.com\/wp-content\/uploads\/2022\/11\/3-camping-jeu-palet-breton-300x200.jpg 300w, https:\/\/www.mirabel-clostranquille.com\/wp-content\/uploads\/2022\/11\/3-camping-jeu-palet-breton-768x512.jpg 768w, https:\/\/www.mirabel-clostranquille.com\/wp-content\/uploads\/2022\/11\/3-camping-jeu-palet-breton.jpg 1200w\" sizes=\"auto, (max-width: 1024px) 100vw, 1024px\" \/><\/figure><div class=\"wp-block-media-text__content\">\n<h2 class=\"wp-block-heading\" id=\"tous-a-la-mer\"><strong>Bretonse sjoelbak<\/strong><\/h2>\n\n\n\n<figure class=\"wp-block-image size-full\"><img decoding=\"async\" src=\"https:\/\/www.campinglarenaudiere.com\/wp-content\/uploads\/2022\/01\/barre-bleue.png\" alt=\"\" class=\"wp-image-2382\"\/><\/figure>\n\n\n\n<p>Voor een middagje spelen in een Bretonse sfeer kies je je veld in een groene omgeving. Leg de houten plank op de grond, deel <strong>4 gietijzeren pucks per speler<\/strong> en daar ga je dan voor een paar uur feestelijke competitie met familie en vrienden. Het spel is eenvoudig <strong>gooi de pucks zo dicht mogelijk bij de master, ook wel \u00abthe kid\u00bb genoemd. <\/strong>Een puck die op de grond ligt of de grond heeft geraakt voordat hij op het bord kwam, is ongeldig en moet worden verwijderd. Als een speler de master van het bord duwt, is het spel ongeldig. Een echt spel van vaardigheid en teamwork waar jong en oud plezier aan zullen beleven.<\/p>\n\n\n\n<p class=\"texte-rond has-orange-color has-text-color has-large-font-size\">De regels van het spel :<\/p>\n\n\n\n<ul class=\"wp-block-list\">\n<li>Leg de kleine op het bord en plaats de teams op 5 meter van het bord. Elk team gooit een puck en het team met de puck het dichtst bij de master begint het spel.<\/li>\n\n\n\n<li>Het eerste team neemt de kleine bal en heeft 3 pogingen om hem te gooien en op het bord te plaatsen. Als dat niet lukt, proberen de andere teams hun geluk. Het team dat erin slaagt om de master op het bord te plaatsen, gooit vervolgens 1 puck.<\/li>\n\n\n\n<li>Een team gooit pucks totdat ze het punt terugwinnen.<\/li>\n\n\n\n<li>Als alle pucks zijn gespeeld, is de winnende speler (of team) degene wiens puck het dichtst bij de master is. Elke puck tussen de master en de eerste puck van de tegenstander levert 1 punt op.<\/li>\n\n\n\n<li>Een game wordt gewonnen met 12 punten, de belle met 15 punten.<\/li>\n<\/ul>\n\n\n\n<p>Voor puristen zijn hier de<a href=\"https:\/\/www.palet-bzh.fr\/regles-du-jeu.html\" target=\"_blank\" rel=\"noreferrer noopener\"> regel<\/a><a href=\"https:\/\/palet-bzh.fr\/regles\/\" target=\"_blank\" rel=\"noreferrer noopener\">s<\/a><a href=\"https:\/\/www.palet-bzh.fr\/regles-du-jeu.html\" target=\"_blank\" rel=\"noreferrer noopener\"> van het volledige spel<\/a> op een bzh site natuurlijk<\/p>\n\n\n\n<p><br><\/p>\n<\/div><\/div>\n\n\n\n<div style=\"height:30px\" aria-hidden=\"true\" class=\"wp-block-spacer\"><\/div>\n\n\n\n<div class=\"wp-block-media-text alignwide has-media-on-the-right is-stacked-on-mobile is-image-fill front-page-section grey animate right\"><div class=\"wp-block-media-text__content\">\n<h2 class=\"wp-block-heading\"><strong>Kennismaking met de Bretonse dans<\/strong><\/h2>\n\n\n\n<figure class=\"wp-block-image size-full\"><img decoding=\"async\" src=\"https:\/\/www.campinglarenaudiere.com\/wp-content\/uploads\/2022\/01\/barre-bleue.png\" alt=\"\" class=\"wp-image-2382\"\/><\/figure>\n\n\n\n<p>We sluiten de dag af met muziek en de traditionele <strong>Fest-noz<\/strong>&nbsp;! Als je op zoek bent naar een authentieke ervaring, dan is dit echt iets voor jou. Fest-noz festivals worden het hele jaar door overal in Bretagne gehouden. Dit festival, dat lijkt op een <strong>traditioneel dansbal<\/strong> werd in de jaren 1950 uitgevonden in centraal Bretagne. Elk jaar vinden er zo'n duizend fest-noz plaats, waar honderden of zelfs duizenden mensen op afkomen! Het is het gezellige festival dat <strong>brengt alle generaties samen<\/strong> met traditionele Bretonse dansen, zangers, muzikanten en dansers. Gavotte, Larid\u00e9, An-dro of Plinn... ben je klaar om rond te dansen op het ritme van de Bretonse muziek? <strong>volksmuziek<\/strong>&nbsp;?<\/p>\n\n\n\n<p>Wil je nog meer? Neem vakantie in mei en doe mee aan de \u00abgouel breizh\u00bb, <a href=\"https:\/\/www.tourismebretagne.com\/selon-mes-envies\/culture-et-patrimoine-de-bretagne\/les-grands-evenements\/fete-de-la-bretagne\/\" target=\"_blank\" rel=\"noreferrer noopener\">Bretagne Festival<\/a><\/p>\n<\/div><figure class=\"wp-block-media-text__media\" style=\"background-image:url(https:\/\/www.mirabel-clostranquille.com\/wp-content\/uploads\/2022\/11\/4-fest-noz_LAMOUREUX-Alexandre-1024x683.jpg);background-position:50% 50%\"><img loading=\"lazy\" decoding=\"async\" width=\"1024\" height=\"683\" src=\"https:\/\/www.mirabel-clostranquille.com\/wp-content\/uploads\/2022\/11\/4-fest-noz_LAMOUREUX-Alexandre-1024x683.jpg\" alt=\"\" class=\"wp-image-7049 size-full\" srcset=\"https:\/\/www.mirabel-clostranquille.com\/wp-content\/uploads\/2022\/11\/4-fest-noz_LAMOUREUX-Alexandre-1024x683.jpg 1024w, https:\/\/www.mirabel-clostranquille.com\/wp-content\/uploads\/2022\/11\/4-fest-noz_LAMOUREUX-Alexandre-300x200.jpg 300w, https:\/\/www.mirabel-clostranquille.com\/wp-content\/uploads\/2022\/11\/4-fest-noz_LAMOUREUX-Alexandre-768x512.jpg 768w, https:\/\/www.mirabel-clostranquille.com\/wp-content\/uploads\/2022\/11\/4-fest-noz_LAMOUREUX-Alexandre.jpg 1200w\" sizes=\"auto, (max-width: 1024px) 100vw, 1024px\" \/><\/figure><\/div>\n\n\n\n<div style=\"height:10px\" aria-hidden=\"true\" class=\"wp-block-spacer\"><\/div>\n\n\n\n<p class=\"has-text-align-center texte-rond has-orange-color has-text-color has-large-font-size\">Andere experimenten <\/p>\n\n\n\n<div style=\"height:15px\" aria-hidden=\"true\" class=\"wp-block-spacer\"><\/div>\n\n\n\n<div class=\"wp-block-create-block-sevgutenberg-navigation aligncenter front-page-section grey\"><aside class=\"encart-sev-navigation small carre\"><a href=\"https:\/\/www.mirabel-clostranquille.com\/nl\/ervaringen\/vakantie-voor-kinderen\/\" class=\"d-flex flex-column align-items-center\"><div class=\"encart-title\"><span>Kinderen op vakantie<\/span><\/div><div class=\"vague\"><\/div><img decoding=\"async\" src=\"https:\/\/www.mirabel-clostranquille.com\/wp-content\/uploads\/2022\/11\/header-enfants-vacances.jpg\" alt=\"beleef kinderen op vakantie\"\/><div class=\"ligne\"><\/div><div class=\"hover\"><\/div><\/a><\/aside><\/div>","protected":false},"excerpt":{"rendered":"<p>Vivre une journ\u00e9e dans la pure tradition Bretonne Si vous avez choisi la Bretagne pour vos vacances, c\u2019est que vous [&hellip;]<\/p>\n","protected":false},"author":1,"featured_media":0,"parent":272,"menu_order":0,"comment_status":"closed","ping_status":"closed","template":"","meta":{"_seopress_robots_primary_cat":"","_seopress_titles_title":"Passez une journ\u00e9e 100% bretonne","_seopress_titles_desc":"D\u00e9couvrez la Bretagne et ses coutumes le temps d'une journ\u00e9e en famille ou entre amis.","_seopress_robots_index":"","footnotes":""},"class_list":["post-889","page","type-page","status-publish","hentry"],"_links":{"self":[{"href":"https:\/\/www.mirabel-clostranquille.com\/nl\/wp-json\/wp\/v2\/pages\/889","targetHints":{"allow":["GET"]}}],"collection":[{"href":"https:\/\/www.mirabel-clostranquille.com\/nl\/wp-json\/wp\/v2\/pages"}],"about":[{"href":"https:\/\/www.mirabel-clostranquille.com\/nl\/wp-json\/wp\/v2\/types\/page"}],"author":[{"embeddable":true,"href":"https:\/\/www.mirabel-clostranquille.com\/nl\/wp-json\/wp\/v2\/users\/1"}],"replies":[{"embeddable":true,"href":"https:\/\/www.mirabel-clostranquille.com\/nl\/wp-json\/wp\/v2\/comments?post=889"}],"version-history":[{"count":14,"href":"https:\/\/www.mirabel-clostranquille.com\/nl\/wp-json\/wp\/v2\/pages\/889\/revisions"}],"predecessor-version":[{"id":10120,"href":"https:\/\/www.mirabel-clostranquille.com\/nl\/wp-json\/wp\/v2\/pages\/889\/revisions\/10120"}],"up":[{"embeddable":true,"href":"https:\/\/www.mirabel-clostranquille.com\/nl\/wp-json\/wp\/v2\/pages\/272"}],"wp:attachment":[{"href":"https:\/\/www.mirabel-clostranquille.com\/nl\/wp-json\/wp\/v2\/media?parent=889"}],"curies":[{"name":"wp","href":"https:\/\/api.w.org\/{rel}","templated":true}]}}