{"id":895,"date":"2021-12-20T11:14:26","date_gmt":"2021-12-20T10:14:26","guid":{"rendered":"https:\/\/www.campinglarenaudiere.com\/?page_id=895"},"modified":"2024-04-05T16:21:02","modified_gmt":"2024-04-05T14:21:02","slug":"vakantie-voor-kinderen","status":"publish","type":"page","link":"https:\/\/www.mirabel-clostranquille.com\/nl\/les-experiences\/experience-enfants-vacances\/","title":{"rendered":"Kinderen op vakantie"},"content":{"rendered":"<figure class=\"wp-block-image alignright size-full is-resized\"><img decoding=\"async\" src=\"https:\/\/www.campinglarenaudiere.com\/wp-content\/uploads\/2022\/01\/Soleil.png\" alt=\"zon\" class=\"wp-image-1883\" style=\"width:160px;height:146px\"\/><\/figure>\n\n\n\n<h1 class=\"wp-block-heading\" id=\"a-la-decouverte-de-la-cote-de-jade-a-velo\"><strong>Idee\u00ebn om kinderen bezig te houden tijdens de vakantie<\/strong><\/h1>\n\n\n\n<p class=\"has-text-align-center\">Kom je met je peuters op vakantie naar Saint-Cast-le-Guildo? We hebben de nieuwste activiteiten voor kinderen van 5 tot 12 jaar in de omgeving van de camping voor je geselecteerd.<\/p>\n\n\n\n<figure class=\"wp-block-image aligncenter size-full\"><img decoding=\"async\" src=\"https:\/\/www.campinglarenaudiere.com\/wp-content\/uploads\/2022\/01\/barre-bleue.png\" alt=\"\" class=\"wp-image-2382\"\/><\/figure>\n\n\n\n<div style=\"height:14px\" aria-hidden=\"true\" class=\"wp-block-spacer\"><\/div>\n\n\n\n<div class=\"wp-block-media-text alignwide is-stacked-on-mobile is-image-fill animate left\"><figure class=\"wp-block-media-text__media\" style=\"background-image:url(https:\/\/www.mirabel-clostranquille.com\/wp-content\/uploads\/2022\/11\/1-children-participating-in-treasure-hunt-in-forest-1024x681.jpg);background-position:17% 57%\"><a href=\"https:\/\/www.mirabel-clostranquille.com\/wp-content\/uploads\/2022\/11\/1-children-participating-in-treasure-hunt-in-forest.jpg\"><img loading=\"lazy\" decoding=\"async\" width=\"1024\" height=\"681\" src=\"https:\/\/www.mirabel-clostranquille.com\/wp-content\/uploads\/2022\/11\/1-children-participating-in-treasure-hunt-in-forest-1024x681.jpg\" alt=\"\" class=\"wp-image-7055 size-full\" srcset=\"https:\/\/www.mirabel-clostranquille.com\/wp-content\/uploads\/2022\/11\/1-children-participating-in-treasure-hunt-in-forest-1024x681.jpg 1024w, https:\/\/www.mirabel-clostranquille.com\/wp-content\/uploads\/2022\/11\/1-children-participating-in-treasure-hunt-in-forest-300x200.jpg 300w, https:\/\/www.mirabel-clostranquille.com\/wp-content\/uploads\/2022\/11\/1-children-participating-in-treasure-hunt-in-forest-768x511.jpg 768w, https:\/\/www.mirabel-clostranquille.com\/wp-content\/uploads\/2022\/11\/1-children-participating-in-treasure-hunt-in-forest.jpg 1200w\" sizes=\"auto, (max-width: 1024px) 100vw, 1024px\" \/><\/a><\/figure><div class=\"wp-block-media-text__content\">\n<h2 class=\"wp-block-heading has-medium-font-size\"><strong><strong>Schattenjachten<\/strong><\/strong><\/h2>\n\n\n\n<figure class=\"wp-block-image size-full\"><img decoding=\"async\" src=\"https:\/\/www.campinglarenaudiere.com\/wp-content\/uploads\/2022\/01\/barre-bleue.png\" alt=\"\" class=\"wp-image-2382\"\/><\/figure>\n\n\n\n<p>Het is sinds juli 2022 nieuw in Saint-Cast en we weten dat kinderen (van 2 tot 99 jaar) er dol op zijn! Wie kan er nee zeggen tegen een <strong>een nieuw familieavontuur <\/strong>tijdens de vakantie? Schattenjachten zijn een originele en leuke manier om het erfgoed van Saint-Cast, Quiou en Corseul te ontdekken. Ben je klaar om de uitdaging aan te gaan en de raadsels op te lossen? Met een beetje nieuwsgierigheid en een beetje handigheid kun je de codes vinden om de hangsloten van de kluis te openen.<\/p>\n\n\n\n<p>Het toeristenbureau van Dinan-Cap Fr\u00e9hel heeft 3 pakketten samengesteld waarmee je er even helemaal tussenuit kunt. <strong>op zoek naar vergeten schatten<\/strong>. Alles is aanwezig: een kaart, spelkaarten en accessoires in een kleine rugzak zodat je detective kunt spelen.<\/p>\n\n\n\n<div class=\"wp-block-group card p-4 is-layout-constrained wp-block-group-is-layout-constrained\">\n<p class=\"texte-rond has-orange-color has-text-color has-large-font-size\">3 missies<\/p>\n\n\n\n<p><mark style=\"background-color:rgba(0, 0, 0, 0)\" class=\"has-inline-color has-orange-color\"><strong>\u2022<\/strong><\/mark> <strong>Op zoek naar Alfreds schat<\/strong> - Saint-Cast-le-Guildo: het kost je tussen de 2 en 3 uur om Saint-Cast te verkennen dankzij de brief die Alfred achterliet om uiteindelijk de schatkist op te graven.<\/p>\n\n\n\n<p><strong><mark style=\"background-color:rgba(0, 0, 0, 0)\" class=\"has-inline-color has-orange-color\">\u2022<\/mark><\/strong> <strong>De schat van de Faluns <\/strong>- Le Quiou: 2 tot 3 uur brainstormen om Eug\u00e9nie, een 10-jarige kiem van een archeoloog, te helpen de vergeten schat van haar overgrootvader te bemachtigen.<\/p>\n\n\n\n<p><strong><mark style=\"background-color:rgba(0, 0, 0, 0)\" class=\"has-inline-color has-orange-color\">\u2022<\/mark><\/strong> <strong>De verborgen sleutel aanvallen<\/strong>&nbsp;- Corseul: deze keer is het een sleutel die je moet vinden met behulp van een kaart. Struin de straten van de stad af op zoek naar de sleutel die de oude afgesloten kist in Sybille's huis zal openen.<\/p>\n<\/div>\n\n\n\n<div style=\"height:30px\" aria-hidden=\"true\" class=\"wp-block-spacer\"><\/div>\n\n\n\n<p><strong>Waar vind ik de kit?<\/strong>&nbsp;<strong>?<\/strong><\/p>\n\n\n\n<p>De zak met de <strong>3 schattenjachten <\/strong>is te koop voor \u20ac22 (voor 5 personen) bij<a href=\"https:\/\/www.dinan-capfrehel.com\/experiences\/pour-les-curieux\/chasse-aux-tresors-en-bretagne\/\" target=\"_blank\" rel=\"noreferrer noopener\"> de toeristenbureaus van Saint-Cast-le-Guildo, Fr\u00e9hel, Saint-Jacut-de-la-Mer en Dinan, in Bretagne<\/a>.<\/p>\n<\/div><\/div>\n\n\n\n<div style=\"height:14px\" aria-hidden=\"true\" class=\"wp-block-spacer\"><\/div>\n\n\n\n<div class=\"wp-block-media-text alignwide has-media-on-the-right is-stacked-on-mobile is-image-fill front-page-section grey animate right\"><div class=\"wp-block-media-text__content\">\n<h2 class=\"wp-block-heading\">Ontdek of herontdek het leven van boeren in 1924<\/h2>\n\n\n\n<figure class=\"wp-block-image size-full\"><img loading=\"lazy\" decoding=\"async\" width=\"50\" height=\"8\" src=\"https:\/\/www.mirabel-clostranquille.com\/wp-content\/uploads\/2022\/11\/barre-bleue.png\" alt=\"\" class=\"wp-image-7801\"\/><\/figure>\n\n\n\n<p>We zetten het avontuur voort met een van de evenementen georganiseerd door de\u2019<strong>Ecomuseum van de boerderij van weleer <\/strong>in Pl\u00e9d\u00e9liac. Tijdens de vakantie organiseert de boerderij \u00e9\u00e9n keer per week een familiespeurtocht. Het is een geweldige kans om deze tijdloze plek, de smederij, de broodoven, de educatieve tuin en de boerderijdieren te bezoeken. <strong>\u201cMais eyou q'\u00e9t-ti que le p\u00e8re Gaston a cach\u00e9 son tr\u00e9sor?\u201d<\/strong> Gaston heeft een handgeschreven brief achtergelaten over een schat... Ontdek de wereld van een familie van drie generaties, in het hart van de boerderij, in een authentieke sfeer. Hier kunnen kinderen samen met hun ouders spelen. <strong>in de schoenen van een boer uit het begin van de 20e eeuw<\/strong>&nbsp;en doe mee aan de activiteiten om graan te malen, een schooljongen van vroeger te worden of op paddenstoelenjacht te gaan!<\/p>\n\n\n\n<div class=\"wp-block-group card p-4 is-layout-constrained wp-block-group-is-layout-constrained\">\n<p class=\"texte-rond has-orange-color has-text-color has-large-font-size\">Praktijk<\/p>\n\n\n\n<p><strong><mark style=\"background-color:rgba(0, 0, 0, 0)\" class=\"has-inline-color has-orange-color\">\u2022<\/mark><\/strong> Zoek de animatie die je leuk vindt op<a href=\"https:\/\/www.ferme-dantan22.com\/\" target=\"_blank\" rel=\"noreferrer noopener\"> <strong>het dagboek van de Ferme d'Antan<\/strong><\/a><\/p>\n\n\n\n<p><strong><mark style=\"background-color:rgba(0, 0, 0, 0)\" class=\"has-inline-color has-orange-color\">\u2022<\/mark><\/strong> Prijzen: \u20ac4 voor kinderen van 4 tot 12 jaar - \u20ac6,50 voor volwassenen - \u20ac2 toeslag per evenement<\/p>\n\n\n\n<p><strong><mark style=\"background-color:rgba(0, 0, 0, 0)\" class=\"has-inline-color has-orange-color\">\u2022<\/mark><\/strong> Geopend van april tot september en Allerheiligen<\/p>\n<\/div>\n\n\n\n<div style=\"height:30px\" aria-hidden=\"true\" class=\"wp-block-spacer\"><\/div>\n\n\n\n<p>We willen je graag vertellen over een aantal unieke ervaringen waarvan we hopen dat ze geweldige vakantieherinneringen voor je kinderen zullen opleveren. Vind nog veel meer idee\u00ebn voor activiteiten en bezoeken op<a href=\"https:\/\/mcusercontent.com\/fbd45327990f1164ae0b3e26a\/files\/8afabace-a5fd-4e44-8741-0b4c481d89dd\/Guide_des_M\u00f4mes_2021_interactive.01.pdf\" target=\"_blank\" rel=\"noreferrer noopener\"> <strong>de gids van momes<\/strong><\/a> van de bestemming Dinan-Cap Fr\u00e9hel.<\/p>\n<\/div><figure class=\"wp-block-media-text__media\" style=\"background-image:url(https:\/\/www.mirabel-clostranquille.com\/wp-content\/uploads\/2022\/11\/2-visite-de-la-ferme-ecomusee-1024x768.jpg);background-position:50% 50%\"><a href=\"https:\/\/www.mirabel-clostranquille.com\/wp-content\/uploads\/2022\/11\/2-visite-de-la-ferme-ecomusee.jpg\"><img loading=\"lazy\" decoding=\"async\" width=\"1024\" height=\"768\" src=\"https:\/\/www.mirabel-clostranquille.com\/wp-content\/uploads\/2022\/11\/2-visite-de-la-ferme-ecomusee-1024x768.jpg\" alt=\"\" class=\"wp-image-7059 size-full\" srcset=\"https:\/\/www.mirabel-clostranquille.com\/wp-content\/uploads\/2022\/11\/2-visite-de-la-ferme-ecomusee-1024x768.jpg 1024w, https:\/\/www.mirabel-clostranquille.com\/wp-content\/uploads\/2022\/11\/2-visite-de-la-ferme-ecomusee-300x225.jpg 300w, https:\/\/www.mirabel-clostranquille.com\/wp-content\/uploads\/2022\/11\/2-visite-de-la-ferme-ecomusee-768x576.jpg 768w, https:\/\/www.mirabel-clostranquille.com\/wp-content\/uploads\/2022\/11\/2-visite-de-la-ferme-ecomusee.jpg 1200w\" sizes=\"auto, (max-width: 1024px) 100vw, 1024px\" \/><\/a><\/figure><\/div>\n\n\n\n<p class=\"has-text-align-center texte-rond has-orange-color has-text-color has-large-font-size\">Andere experimenten <\/p>\n\n\n\n<div style=\"height:15px\" aria-hidden=\"true\" class=\"wp-block-spacer\"><\/div>\n\n\n\n<div class=\"wp-block-create-block-sevgutenberg-navigation aligncenter front-page-section grey\"><aside class=\"encart-sev-navigation small carre\"><a href=\"https:\/\/www.mirabel-clostranquille.com\/nl\/ervaringen\/bretonse-dag\/\" class=\"d-flex flex-column align-items-center\"><div class=\"encart-title\"><span>Een dag in Bretagne<\/span><\/div><div class=\"vague\"><\/div><img decoding=\"async\" src=\"https:\/\/www.mirabel-clostranquille.com\/wp-content\/uploads\/2022\/11\/header-journee-bretonne.jpg\" alt=\"Bretonse dag beleven\"\/><div class=\"ligne\"><\/div><div class=\"hover\"><\/div><\/a><\/aside><\/div>","protected":false},"excerpt":{"rendered":"<p>Des id\u00e9es pour occuper les enfants pendant les vacances Vous venez en vacances \u00e0 Saint-Cast-le-Guildo avec vos bambins&nbsp;? Nous avons [&hellip;]<\/p>\n","protected":false},"author":1,"featured_media":0,"parent":272,"menu_order":0,"comment_status":"closed","ping_status":"closed","template":"","meta":{"_seopress_robots_primary_cat":"","_seopress_titles_title":"Les enfants en vacances \u00e0 Saint Cast le Guildo","_seopress_titles_desc":"En s\u00e9journant au camping Le Clos Tranquille dans les C\u00f4tes d\u2019Armor, vous appr\u00e9cierez de passer une journ\u00e9e en famille o\u00f9 petits et grands pourront s'amuser.","_seopress_robots_index":"","footnotes":""},"class_list":["post-895","page","type-page","status-publish","hentry"],"_links":{"self":[{"href":"https:\/\/www.mirabel-clostranquille.com\/nl\/wp-json\/wp\/v2\/pages\/895","targetHints":{"allow":["GET"]}}],"collection":[{"href":"https:\/\/www.mirabel-clostranquille.com\/nl\/wp-json\/wp\/v2\/pages"}],"about":[{"href":"https:\/\/www.mirabel-clostranquille.com\/nl\/wp-json\/wp\/v2\/types\/page"}],"author":[{"embeddable":true,"href":"https:\/\/www.mirabel-clostranquille.com\/nl\/wp-json\/wp\/v2\/users\/1"}],"replies":[{"embeddable":true,"href":"https:\/\/www.mirabel-clostranquille.com\/nl\/wp-json\/wp\/v2\/comments?post=895"}],"version-history":[{"count":13,"href":"https:\/\/www.mirabel-clostranquille.com\/nl\/wp-json\/wp\/v2\/pages\/895\/revisions"}],"predecessor-version":[{"id":10146,"href":"https:\/\/www.mirabel-clostranquille.com\/nl\/wp-json\/wp\/v2\/pages\/895\/revisions\/10146"}],"up":[{"embeddable":true,"href":"https:\/\/www.mirabel-clostranquille.com\/nl\/wp-json\/wp\/v2\/pages\/272"}],"wp:attachment":[{"href":"https:\/\/www.mirabel-clostranquille.com\/nl\/wp-json\/wp\/v2\/media?parent=895"}],"curies":[{"name":"wp","href":"https:\/\/api.w.org\/{rel}","templated":true}]}}